{"id":7709,"date":"2015-07-08T21:17:28","date_gmt":"2015-07-09T01:17:28","guid":{"rendered":"http:\/\/sfioanevanghelistul.ca\/wordpress\/?page_id=7709"},"modified":"2020-02-24T21:27:25","modified_gmt":"2020-02-25T02:27:25","slug":"sf-ioan-evanghelistul","status":"publish","type":"page","link":"http:\/\/sfioanevanghelistul.ca\/wordpress\/sf-ioan-evanghelistul\/","title":{"rendered":"Odoarele bisericii"},"content":{"rendered":"<p><\/p>\n<p style=\"text-align: justify;\"><span id=\"result_box\" class=\"\" lang=\"en\"><span title=\"Orice l\u0103ca\u015f de cult ortodox poart\u0103 numele unui praznic \u00eemp\u0103r\u0103tesc, al unei s\u0103rb\u0103tori a Maicii Domnului sau al unui sf\u00e2nt.\"><img loading=\"lazy\" decoding=\"async\" class=\" alignleft\" src=\"https:\/\/www.pemptousia.ro\/files\/2013\/05\/ioan-evanghelistul-icoana-greceasca-in.jpg\" width=\"488\" height=\"676\"><\/span><\/span>Orice l\u0103ca\u015f de cult ortodox poart\u0103 numele unui praznic \u00eemp\u0103r\u0103tesc, al unei s\u0103rb\u0103tori a Maicii Domnului sau al unui sf\u00e2nt. Aceasta \u00eenseamn\u0103 c\u0103 bisericile sunt a\u015fezate sub patronajul sfin\u0163ilor c\u0103rora le poart\u0103 numele. Sf\u00e2ntul sau s\u0103rb\u0103toarea se numesc cu un termen slavon, <em>hram<\/em>, iar biserica \u00eel prime\u015fte odat\u0103 cu sfin\u0163irea locului pe care ea urmeaz\u0103 s\u0103 fie construit\u0103 \u015fi, mai ales, cu ocazia slujbei de sfin\u021bire sau t\u00e2rnosire, de la sf\u00e2r\u0219itul lucr\u0103rilor de construc\u021bie, r\u00e2nduial\u0103 rezervat\u0103 numai episcopului.<\/p>\n<p style=\"text-align: justify;\">De la \u00eenceputurile cre\u015ftinismului credincio\u015fii au \u00eenconjurat cu dragoste, venera\u0163ie \u015fi respect pe eroii credin\u0163ei, adic\u0103 pe sfin\u0163ii lor. \u00cen primele veacuri, c\u00e2nd cre\u015ftinismul ap\u0103rea ca o religie nou\u0103 \u00een Imperiul Roman, s-a \u00eenregistrat cel mai mare num\u0103r de sfin\u0163i. Erau to\u0163i cei care, p\u0103trun\u015fi de adev\u0103rurile \u00eenv\u0103\u0163\u0103turii lui Hristos, primeau moartea cu convingerea c\u0103 prin aceasta se nasc la via\u0163a cea nou\u0103, via\u0163a \u00een Hristos. De aceea \u0219i ziua de pomenire a sfin\u0163ilor nu este aceea \u00een care s-au n\u0103scut, ci ziua \u00een care au trecut la cele ve\u0219nice, ziua rena\u015fterii lor spirituale.<\/p>\n<p style=\"text-align: justify;\">Cre\u0219tinii veacurilor primare ale Bisericii, v\u0103z\u00e2nd b\u0103rb\u0103\u0163ia \u015fi senin\u0103tatea cu care sfin\u0163ii mucenici \u015fi martiri \u00ee\u0219i ap\u0103rau credin\u0163a \u015fi primeau moartea pentru ea, au nutrit sim\u0163\u0103minte de admira\u0163ie \u015fi respect fa\u0163\u0103 de ace\u015fti eroi ai credin\u0163ei. Ei au adunat \u015fi au \u00eenmorm\u00e2ntat cu grij\u0103 \u015fi pietate r\u0103m\u0103\u015fi\u0163ele trupe\u015fti ale celor care mureau pentru Hristos \u015fi se adunau \u00een fiecare an, de ziua mor\u0163ii lor, \u00een jurul mormintelor, pentru a-i pomeni, prin s\u0103v\u00e2r\u015firea Sfintei Liturghii \u015fi prin citirea actelor vie\u0163ii, faptelor \u0219i p\u0103timirii lor. C\u00e2nd cre\u015ftinismul a \u00eenceput s\u0103 se dezvolte \u00een libertate, iar cultul divin s\u0103 ia amploare deosebit\u0103, mai ales din secolul al IV-lea, cre\u015ftinii au zidit primele biserici pe mormintele martirilor \u015fi mucenicilor, pentru a le p\u0103stra \u015fi mai vie memoria.<\/p>\n<p style=\"text-align: justify;\">Mai t\u00e2rziu n-a mai fost cu putin\u0163\u0103 ca orice l\u0103ca\u015f s\u0103 fie \u00een\u0103l\u0163at pe mormintele de sfin\u0163i \u015fi martiri. Astfel s-a luat obiceiul ca orice l\u0103ca\u015f sf\u00e2nt s\u0103 fie \u00eenchinat, dedicat sau consacrat unui sf\u00e2nt al Bisericii. A\u015fa cum fiecare cre\u015ftin prime\u015fte la botez un nume de sf\u00e2nt, la fel \u015fi o biseric\u0103, atunci c\u00e2nd se sfin\u0163e\u015fte de c\u0103tre episcop, prime\u015fte numele unui sf\u00e2nt \u00een cinstea c\u0103ruia a fost zidit\u0103 \u015fi care de acum o patroneaz\u0103 \u015fi o ocrote\u015fte. Este ceea ce numeam hramul bisericii. Icoana a c\u0103rui hram \u00eel poart\u0103 biserica se picteaz\u0103 \u00een exterior, pe fa\u0163ada vestic\u0103 a l\u0103ca\u015fului de cult, iar \u00een interior pe catapeteasm\u0103, \u00een st\u00e2nga icoanei M\u00e2ntuitorului. Multe biserici au un hram principal \u015fi unul secundar. Hramul este cea mai mare s\u0103rb\u0103toare a bisericii \u015fi se pr\u0103znuie\u0219te cu mare fast \u015fi solemnitate.<\/p>\n<p style=\"text-align: justify;\">Ocrotitorul bisericii noastre, Sf\u00e2ntul Apostol \u0219i Evanghelist Ioan, a fost fiul Salomeei, una din femeile mironosi\u021be, \u0219i al lui Zevedeu, pescar din Betsaida Galileii. Fratele s\u0103u a fost Sf\u00e2ntul Iacov, un alt apostol, am\u00e2ndoi fiind cunoscu\u021bi ca <em>fiii tunetului<\/em>. \u00cen Evanghelia sa, el se prezint\u0103 ca fiind <em>ucenicul prea iubit al lui Iisus<\/em> mai degrab\u0103 dec\u00e2t cu numele. Ioan a fost cel mai t\u00e2n\u0103r din cei doisprezece Apostoli \u0219i foarte apropiat M\u00e2ntuitorului Hristos. Nu se \u015ftie exact despre anii vie\u0163ii sf\u00e2ntului Apostol Ioan, unii scriind c\u0103 a tr\u0103it 120 de ani, iar al\u0163ii 105 ani \u015fi \u015fapte luni.<\/p>\n<p style=\"text-align: justify;\"><img loading=\"lazy\" decoding=\"async\" class=\"size-full alignright\" src=\"http:\/\/www.calendar-ortodox.ro\/luna\/septembrie\/2609-adormirea-ion.jpg\" width=\"332\" height=\"400\">\u00cemplinindu-se slujirea \u0219i via\u021ba sf\u00e2ntului, a mers \u00eempreun\u0103 cu cei \u0219apte ucenici ai s\u0103i la un loc oarecare l\u00e2ng\u0103 Efes. Fiind spre ziu\u0103, le-a zis s\u0103 \u015fad\u0103 acolo, iar el, duc\u00e2ndu-se ca la o arunc\u0103tur\u0103 de piatr\u0103, s-a rugat. Apoi le-a poruncit ucenicilor s\u0103 sape un morm\u00e2nt \u00een chipul Crucii, de lungimea staturii sale. \u00cenv\u0103\u0163\u00e2ndu-i \u015fi s\u0103rut\u00e2ndu-i, le-a zis: &#8222;Tr\u0103g\u00e2nd p\u0103m\u00e2ntul, mama mea, acoperi\u0163i-m\u0103&#8221;. Ucenicii l-au s\u0103rutat, acoperindu-l p\u00e2n\u0103 la genunchi. El iar s\u0103rut\u00e2ndu-i pe ei, l-au acoperit p\u00e2n\u0103 la grumaji \u015fi au pus pe fa\u0163a lui o n\u0103fram\u0103 \u015fi a\u015fa, pl\u00e2ng\u00e2nd foarte tare, l-au acoperit apoi cu totul. Auzind de aceasta, cre\u0219tinii din cetate au venit \u015fi dezgrop\u00e2nd morm\u00e2ntul, n-au aflat nimic. De atunci, \u00een tot anul, \u00een opt zile ale lunii mai, din morm\u00e2ntul lui se arat\u0103 un praf sub\u0163ire \u0219i mul\u021bi bolnavi dob\u00e2ndesc t\u0103m\u0103duire cu rug\u0103ciunea Sf\u00e2ntului Apostol Ioan, spre cinstea lui Dumnezeu.<\/p>\n<p><\/p>","protected":false},"excerpt":{"rendered":"<p>Orice l\u0103ca\u015f de cult ortodox poart\u0103 numele unui praznic \u00eemp\u0103r\u0103tesc, al unei s\u0103rb\u0103tori a Maicii Domnului sau al unui sf\u00e2nt. Aceasta \u00eenseamn\u0103 c\u0103 bisericile sunt a\u015fezate sub patronajul sfin\u0163ilor c\u0103rora le poart\u0103 numele. Sf\u00e2ntul sau s\u0103rb\u0103toarea se numesc cu un termen slavon, hram, iar biserica \u00eel prime\u015fte odat\u0103 cu sfin\u0163irea locului pe care ea urmeaz\u0103 &hellip; <\/p>\n","protected":false},"author":3,"featured_media":0,"parent":0,"menu_order":0,"comment_status":"closed","ping_status":"closed","template":"","meta":{"ngg_post_thumbnail":0,"footnotes":""},"class_list":["entry","page","publish","author-stefan","post-7709"],"jetpack_sharing_enabled":true,"_links":{"self":[{"href":"http:\/\/sfioanevanghelistul.ca\/wordpress\/wp-json\/wp\/v2\/pages\/7709","targetHints":{"allow":["GET"]}}],"collection":[{"href":"http:\/\/sfioanevanghelistul.ca\/wordpress\/wp-json\/wp\/v2\/pages"}],"about":[{"href":"http:\/\/sfioanevanghelistul.ca\/wordpress\/wp-json\/wp\/v2\/types\/page"}],"author":[{"embeddable":true,"href":"http:\/\/sfioanevanghelistul.ca\/wordpress\/wp-json\/wp\/v2\/users\/3"}],"replies":[{"embeddable":true,"href":"http:\/\/sfioanevanghelistul.ca\/wordpress\/wp-json\/wp\/v2\/comments?post=7709"}],"version-history":[{"count":1,"href":"http:\/\/sfioanevanghelistul.ca\/wordpress\/wp-json\/wp\/v2\/pages\/7709\/revisions"}],"predecessor-version":[{"id":15336,"href":"http:\/\/sfioanevanghelistul.ca\/wordpress\/wp-json\/wp\/v2\/pages\/7709\/revisions\/15336"}],"wp:attachment":[{"href":"http:\/\/sfioanevanghelistul.ca\/wordpress\/wp-json\/wp\/v2\/media?parent=7709"}],"curies":[{"name":"wp","href":"https:\/\/api.w.org\/{rel}","templated":true}]}}