{"id":7690,"date":"2015-07-08T03:24:39","date_gmt":"2015-07-08T07:24:39","guid":{"rendered":"http:\/\/sfioanevanghelistul.ca\/wordpress\/?page_id=7690"},"modified":"2025-09-08T01:05:21","modified_gmt":"2025-09-08T05:05:21","slug":"father-antonel-dumitru","status":"publish","type":"page","link":"http:\/\/sfioanevanghelistul.ca\/wordpress\/biserica-noastra\/preotii-slujitori\/father-antonel-dumitru\/","title":{"rendered":"Pr. Iconom Stavrofor Dr. Antonel Dumitru"},"content":{"rendered":"<p><\/p>\n<p style=\"text-align: justify;\">M-am n\u0103scut \u00een prima zi a lui \u201eCiresar\u201d a anului 1977 \u00een Bucure\u0219ti, unde am deprins tainele Bisericii \u00een cadrul Seminarului Teologic (1991-1996) \u0219i Facult\u0103\u021bii de Teologie (1996-2000). Dup\u0103 ob\u021binerea licen\u021bei \u00een Teologie \u00een anul 2000, am fost declarat admis la Academia de Muzic\u0103 din Bucuresti, sec\u021bia Muzica Bizantin\u0103, aflat\u0103 sub coordonarea Maestrului Sebastian Barbu-Bucur.<br \/>\n<a href=\"http:\/\/sfioanevanghelistul.ca\/wordpress\/wp-content\/uploads\/2015\/07\/Preot-Antonel-Dumitru.jpg\"><img loading=\"lazy\" decoding=\"async\" class=\" size-medium wp-image-7914 alignright\" src=\"http:\/\/sfioanevanghelistul.ca\/wordpress\/wp-content\/uploads\/2015\/07\/Preot-Antonel-Dumitru-199x300.jpg\" alt=\"Preot Antonel Dumitru\" width=\"199\" height=\"300\"><\/a><\/p>\n<p style=\"text-align: justify;\"><a href=\"http:\/\/sfioanevanghelistul.ca\/wordpress\/wp-content\/uploads\/2015\/07\/Preot-Antonel-Dumitru.jpg\">\u00ce<\/a>ntre anii 2002-2004 am continuat studiile teologice \u00een cadrul Universit\u0103\u021bii &#8222;<em>Ovidius&#8221;<\/em> din Constanta, unde am ob\u021binut titlul de Master, specializarea Muzic\u0103 bizantin\u0103, sub \u00eendrumarea aceluia\u0219i profesor, Sebastian Barbu-Bucur. \u00cen anul 2006 am devenit doctorand al Facult\u0103\u021bii de Teologie din Constan\u021ba, studiile doctorale fiind \u00eentrerupte \u00een 2008 datorit\u0103 emigr\u0103rii \u00een Canada. Activitatea academic\u0103 doctoral\u0103 \u0219i-a reluat cursul \u00een anul 2020, la Universitatea \u201d1 Decembrie 1918\u201d din Alba Iulia, la disciplina Muzic\u0103 bizantin\u0103, cu titlul: \u201eRecitativul Liturgic, vechi limbaj muzical al Monodiei bizantine. Studiu de caz \u0219i comparare a Recitativului din Biserica Ortodox\u0103 Rom\u00e2n\u0103 cu cel din Biserica Ortodox\u0103 Copt\u0103\u201d. Studiile au fost finalizate \u00een 2024, sub coordonarea Pr. Prof. Dr. Domin Adam, av\u00e2nd calificativul \u201eSumma cum laude\u201d.<\/p>\n<p style=\"text-align: justify;\">Sunt c\u0103s\u0103torit din anul 1998 cu Laura Aida, av\u00e2nd o fiic\u0103 pe nume Anastasia Gabriela. \u00cen toamna anului 1999 am fost hirotonit Diacon de c\u0103tre Patriarhul Teoctist pe seama Catedralei Patriarhale din Bucure\u0219ti, devenind Preot \u00een 2008, dup\u0103 aproape 10 ani de slujire diaconeasc\u0103. Continu\u00e2ndu-mi slujirea de Diacon \u00een Arhiepiscopia Tomisului, \u00eempreun\u0103 cu preotul Gyulai Mure\u0219an Iosif am \u00eenfiin\u021bat \u00een anul 2002 parohia &#8222;<em>Sf\u00e2ntul Antonie cel Mare \u0219i Iosif M\u0103rturisitorul&#8221;<\/em> din ora\u0219ul Constan\u021ba. \u00cen perioada 2001-2008 am predat Muzic\u0103 bizantin\u0103 la Seminarul Teologic din Constan\u021ba, iar din prim\u0103vara lui 2004 am devenit Asistent Univ. titular la catedra de&nbsp; Muzic\u0103 bizantin\u0103 \u0219i C\u00e2nt Imnologic. Pe perioada studiilor teologice, liceale \u0219i universitare, am activat succesiv \u00een mai multe coruri de prestigiu din Bucure\u0219ti \u0219i Constan\u021ba (Corul Liceului &#8222;<em>Dinu Lipatti&#8221;,<\/em> Corul &#8222;<em>Musica Viva&#8221;<\/em>, Corala &#8222;<em>Psalmodia&#8221;<\/em>, Corala Preo\u021bilor din Constan\u021ba), beneficiind de experienta \u0219i m\u0103estria dirijorilor \u0219i profesorilor de canto L\u0103cr\u0103mioara Pauliuc, Traian Buhlea, Sebastian Barbu-Bucur, Boris Cobasnian, Constantin Speteanu \u0219i Corneliu F\u00e2n\u0103\u021ban.<\/p>\n<p style=\"text-align: justify;\">Am instruit \u0219i dirijat mai multe coruri b\u0103rb\u0103te\u0219ti \u0219i mixte (Corul Seminarului Teologic \u0219i al Facult\u0103\u021bii de Teologie din Constan\u021ba; Corala &#8222;Sanctus&#8221;, tot din Constan\u021ba); Corul Bizantin din Toronto, cu care am sus\u021binut numeroase concerte. Am compus muzic\u0103 bizantin\u0103 \u0219i coral\u0103, precum Slujba &#8222;Sf\u00e2ntului Antonie cel Mare&#8221; \u00een nota\u021bie psaltic\u0103 \u0219i Liturghia Sf\u00e2ntului Ioan Gur\u0103 de Aur pe nota\u021bie liniar\u0103, \u00een limba englez\u0103.<\/p>\n<p style=\"text-align: justify;\"><a href=\"http:\/\/sfioanevanghelistul.ca\/wordpress\/wp-content\/uploads\/2019\/08\/aniversare-2019.jpg\"><img loading=\"lazy\" decoding=\"async\" class=\"wp-image-14958 alignleft\" src=\"http:\/\/sfioanevanghelistul.ca\/wordpress\/wp-content\/uploads\/2019\/08\/aniversare-2019-682x1024.jpg\" alt=\"\" width=\"224\" height=\"337\" srcset=\"http:\/\/sfioanevanghelistul.ca\/wordpress\/wp-content\/uploads\/2019\/08\/aniversare-2019-682x1024.jpg 682w, http:\/\/sfioanevanghelistul.ca\/wordpress\/wp-content\/uploads\/2019\/08\/aniversare-2019-200x300.jpg 200w, http:\/\/sfioanevanghelistul.ca\/wordpress\/wp-content\/uploads\/2019\/08\/aniversare-2019.jpg 719w\" sizes=\"auto, (max-width: 224px) 100vw, 224px\" \/><\/a><\/p>\n<p style=\"text-align: justify;\">&nbsp;<\/p>\n<p style=\"text-align: justify;\">\u00cen Septembrie 2008 am emigrat \u00eempreun\u0103 cu familia \u00een Canada, iar din luna Mai a anului 2009 am intrat sub omoforul IPS. Nathaniel, Arhiepiscop al Episcopiei Ortodoxe Rom\u00e2ne din America si Canada. \u00cen luna August 2009 am \u00eenfiintat \u00eempreun\u0103 cu colegul meu, preotul \u0218tefan Morariu, Parohia &#8222;<em>Sfin\u021bii 40 de Mucenici&#8221;<\/em> din Aurora, ON, iar \u00een Martie 2010 am \u00eenfiin\u021bat (tot \u00eempreun\u0103) Parohia &#8222;<em>Sfintii Arhangheli Mihaiil si Gavriil&#8221;<\/em> din Niagara Falls, ON. \u00cencep\u00e2nd cu luna Martie a anului 2015, cu binecuv\u00e2ntarea \u00cenaltpreasfin\u021bitului Nathaniel, slujesc la parohia &#8222;<em>Sf. Ioan Evanghelistul&#8221; <\/em>din Toronto.<\/p>\n<p style=\"text-align: justify;\">&nbsp;<\/p>\n<p><\/p>","protected":false},"excerpt":{"rendered":"<p>M-am n\u0103scut \u00een prima zi a lui \u201eCiresar\u201d a anului 1977 \u00een Bucure\u0219ti, unde am deprins tainele Bisericii \u00een cadrul Seminarului Teologic (1991-1996) \u0219i Facult\u0103\u021bii de Teologie (1996-2000). Dup\u0103 ob\u021binerea licen\u021bei \u00een Teologie \u00een anul 2000, am fost declarat admis la Academia de Muzic\u0103 din Bucuresti, sec\u021bia Muzica Bizantin\u0103, aflat\u0103 sub coordonarea Maestrului Sebastian Barbu-Bucur. &hellip; <\/p>\n","protected":false},"author":2,"featured_media":0,"parent":203,"menu_order":1,"comment_status":"closed","ping_status":"closed","template":"","meta":{"ngg_post_thumbnail":0,"footnotes":""},"class_list":["entry","page","publish","author-antonel","post-7690"],"jetpack_sharing_enabled":true,"_links":{"self":[{"href":"http:\/\/sfioanevanghelistul.ca\/wordpress\/wp-json\/wp\/v2\/pages\/7690","targetHints":{"allow":["GET"]}}],"collection":[{"href":"http:\/\/sfioanevanghelistul.ca\/wordpress\/wp-json\/wp\/v2\/pages"}],"about":[{"href":"http:\/\/sfioanevanghelistul.ca\/wordpress\/wp-json\/wp\/v2\/types\/page"}],"author":[{"embeddable":true,"href":"http:\/\/sfioanevanghelistul.ca\/wordpress\/wp-json\/wp\/v2\/users\/2"}],"replies":[{"embeddable":true,"href":"http:\/\/sfioanevanghelistul.ca\/wordpress\/wp-json\/wp\/v2\/comments?post=7690"}],"version-history":[{"count":1,"href":"http:\/\/sfioanevanghelistul.ca\/wordpress\/wp-json\/wp\/v2\/pages\/7690\/revisions"}],"predecessor-version":[{"id":17384,"href":"http:\/\/sfioanevanghelistul.ca\/wordpress\/wp-json\/wp\/v2\/pages\/7690\/revisions\/17384"}],"up":[{"embeddable":true,"href":"http:\/\/sfioanevanghelistul.ca\/wordpress\/wp-json\/wp\/v2\/pages\/203"}],"wp:attachment":[{"href":"http:\/\/sfioanevanghelistul.ca\/wordpress\/wp-json\/wp\/v2\/media?parent=7690"}],"curies":[{"name":"wp","href":"https:\/\/api.w.org\/{rel}","templated":true}]}}