{"id":7022,"date":"2015-02-12T11:56:56","date_gmt":"2015-02-12T11:56:56","guid":{"rendered":"http:\/\/www.bisericaortodoxaaurora.com\/?page_id=7022"},"modified":"2015-07-06T02:29:57","modified_gmt":"2015-07-06T02:29:57","slug":"rugaciune-pentru-impacare","status":"publish","type":"page","link":"http:\/\/sfioanevanghelistul.ca\/wordpress\/sf-antonie-cel-mare\/rugaciune-pentru-impacare\/","title":{"rendered":"Rug\u0103ciune pentru \u00eemp\u0103care"},"content":{"rendered":"<p>St\u0103p\u00e2ne, Iubitorule de oameni, \u00cemp\u0103ratul veacurilor \u015fi d\u0103t\u0103torul bun\u0103t\u0103\u0163ilor, Care ai stricat peretele cel din mijloc al vrajbei \u015fi ai dat pace neamului omenesc, miluie\u015fte, Doamne, pe cei ce ne ur\u0103sc, ne pizmuiesc \u015fi ne oc\u0103r\u0103sc; a\u015fijderea \u015fi pe cei ce ne gr\u0103iesc de r\u0103u. Ca nu cumva vreunul din ei s\u0103 p\u0103timeasc\u0103 ceva r\u0103u pentru noi, p\u0103c\u0103to\u015fii, nici \u00een veacul de acum, nici \u00een cel ce va s\u0103 fie.<\/p>\n<p>Doamne, Dumnezeul nostru, caut\u0103 dintru \u00een\u0103l\u0163ime ca un Bun asupra inimilor noastre, ce sunt lipsite de dragoste \u015fi de unire \u015fi sunt \u00eemboldite de spinii urii \u015fi ai altor p\u0103cate. O pic\u0103tur\u0103 din harul Sf\u00e2ntului T\u0103u Duh cobor\u00e2nd peste D\u00e2nsele, roureaz\u0103-le bogat, ca s\u0103 aduc\u0103 roade bune \u015fi din dragostea cea c\u0103tre Tine s\u0103 sporeasc\u0103 \u00een fapte bune \u015fi s\u0103 petreac\u0103 \u00een dragoste \u015fi unire.<\/p>\n<p>A\u015fa, Doamne, \u00eenmul\u0163ind dragostea \u00een inimile noastre, p\u0103ze\u015fte-ne de tot r\u0103ul \u015fi de asuprirea vr\u0103jma\u015filor v\u0103zu\u0163i \u015fi nev\u0103zu\u0163i, de sabie, de n\u0103v\u0103lirea altor neamuri asupra noastr\u0103, de r\u0103zboiul cel dintre noi \u015fi totdeauna ne ajut\u0103 s\u0103 ne iubim unii pe altii \u015fi s\u0103 facem tot binele, spre a ne \u00eenvrednici de bun\u0103t\u0103\u0163ile Tale cele cere\u015fti. Amin.<\/p>","protected":false},"excerpt":{"rendered":"<p>St\u0103p\u00e2ne, Iubitorule de oameni, \u00cemp\u0103ratul veacurilor \u015fi d\u0103t\u0103torul bun\u0103t\u0103\u0163ilor, Care ai stricat peretele cel din mijloc al vrajbei \u015fi ai dat pace neamului omenesc, miluie\u015fte, Doamne, pe cei ce ne ur\u0103sc, ne pizmuiesc \u015fi ne oc\u0103r\u0103sc; a\u015fijderea \u015fi pe cei ce ne gr\u0103iesc de r\u0103u. Ca nu cumva vreunul din ei s\u0103 p\u0103timeasc\u0103 ceva r\u0103u &hellip; <\/p>\n","protected":false},"author":3,"featured_media":0,"parent":45,"menu_order":13,"comment_status":"open","ping_status":"closed","template":"","meta":{"ngg_post_thumbnail":0,"footnotes":""},"class_list":["entry","page","publish","author-stefan","post-7022"],"jetpack_sharing_enabled":true,"_links":{"self":[{"href":"http:\/\/sfioanevanghelistul.ca\/wordpress\/wp-json\/wp\/v2\/pages\/7022","targetHints":{"allow":["GET"]}}],"collection":[{"href":"http:\/\/sfioanevanghelistul.ca\/wordpress\/wp-json\/wp\/v2\/pages"}],"about":[{"href":"http:\/\/sfioanevanghelistul.ca\/wordpress\/wp-json\/wp\/v2\/types\/page"}],"author":[{"embeddable":true,"href":"http:\/\/sfioanevanghelistul.ca\/wordpress\/wp-json\/wp\/v2\/users\/3"}],"replies":[{"embeddable":true,"href":"http:\/\/sfioanevanghelistul.ca\/wordpress\/wp-json\/wp\/v2\/comments?post=7022"}],"version-history":[{"count":1,"href":"http:\/\/sfioanevanghelistul.ca\/wordpress\/wp-json\/wp\/v2\/pages\/7022\/revisions"}],"predecessor-version":[{"id":7355,"href":"http:\/\/sfioanevanghelistul.ca\/wordpress\/wp-json\/wp\/v2\/pages\/7022\/revisions\/7355"}],"up":[{"embeddable":true,"href":"http:\/\/sfioanevanghelistul.ca\/wordpress\/wp-json\/wp\/v2\/pages\/45"}],"wp:attachment":[{"href":"http:\/\/sfioanevanghelistul.ca\/wordpress\/wp-json\/wp\/v2\/media?parent=7022"}],"curies":[{"name":"wp","href":"https:\/\/api.w.org\/{rel}","templated":true}]}}