{"id":7016,"date":"2015-02-12T11:40:41","date_gmt":"2015-02-12T11:40:41","guid":{"rendered":"http:\/\/www.bisericaortodoxaaurora.com\/?page_id=7016"},"modified":"2015-07-06T02:29:45","modified_gmt":"2015-07-06T02:29:45","slug":"rugaciune-la-vreme-de-ispita","status":"publish","type":"page","link":"http:\/\/sfioanevanghelistul.ca\/wordpress\/en\/sf-antonie-cel-mare\/rugaciune-la-vreme-de-ispita\/","title":{"rendered":"Prayer in time of temptation"},"content":{"rendered":"<p>\u00cen orice \u00eemprejurare te-ai afla, de bucurie, de \u00eentristare, lips\u0103 ori bun\u0103stare, \u00eenal\u0163\u0103 g\u00e2ndul smerit \u015fi inima curat\u0103 c\u0103tre Dumnezeu, aduc\u00e2ndu-I laud\u0103, mul\u0163umire ori cerere, \u015fi El, Care ascult\u0103 chem\u0103rile sincere \u015fi curate, nu te va trece cu vederea.<\/p>\n<p>Doamne, Doamne, Cel ce ai \u00eeng\u0103duit diavolului s\u0103 ispiteasc\u0103 \u00een rai pe str\u0103mo\u015fii no\u015ftri Adam \u015fi Eva, spre a le \u00eencerca ascultarea \u015fi supunerea lor; Cel ce a\u015fi\u015fderea ai \u00eeng\u0103duit diavolului s\u0103 ispiteasc\u0103 cu \u00eengroziri \u015fi cu suferin\u0163e grele pe dreptul Iov, robul T\u0103u, pentru a se v\u0103di \u015fi mai l\u0103murit virtu\u0163ile \u015fi credin\u0163a lui cea \u00eentru Tine; Cel ce ai dat \u00eeng\u0103duin\u0163\u0103 Satanei s\u0103 se apropie cu ispitire de \u00eensu\u015fi Fiul T\u0103u spre a-L \u00eembia \u015fi a-L momi cu poftele \u015fi de\u015f\u0103rt\u0103ciunile acestei lumi, pentru ca \u00eenfr\u00e2nt \u015fi ru\u015finat acest duh blestemat s\u0103 aud\u0103 din gura M\u00e2ntuitorului lumii cuvintele: \u201e\u00cenapoia Mea, Satano, c\u0103ci scris este: Domnului Dumnezeului t\u0103u s\u0103 te \u00eenchini \u015fi numai Lui unuia s\u0103-I sluje\u015fti\u201d; Cel ce tuturor drep\u0163ilor \u015fi sfin\u0163ilor T\u0103i le-ai dat vremi de ispitire \u015fi de grele \u00eendolieli, pentru ca prin ele, l\u0103murindu-se, s\u0103 ias\u0103 \u015fi s\u0103 r\u0103m\u00e2n\u0103 \u015fi mai \u00eent\u0103ri\u0163i \u00een credin\u0163\u0103, \u00een n\u0103dejdea, \u00een dragostea \u015fi \u00een supunerea cea c\u0103tre Tine; \u00censu\u0163i, atotputernice \u015fi preabunule St\u0103p\u00e2ne, ajut\u0103-mi \u015fi mie \u00een aceast\u0103 clip\u0103 grea, c\u00e2nd duhul Satanei \u00eemi tulbur\u0103 mintea cu \u00eendoieli \u015fi cu \u00eemboldiri \u015fi am\u0103giri viclene fr\u0103m\u00e2nt\u0103 inima \u015fi sufletul meu; arat\u0103-mi mie, Milostive, adev\u0103rul \u015fi calea Ta cea dreapt\u0103, pentru ca, biruind uneltirile lui de acum, s\u0103 m\u0103 pot bucura de cuvintele Apostolului T\u0103u Iacob, ce zice: \u201eFericit b\u0103rbatul care rabd\u0103 ispita, c\u0103ci l\u0103murit f\u0103c\u00e2ndu-se, va lua cununa vie\u0163ii pe care a f\u0103g\u0103duit-o Dumnezeu celor ce \u00eel iubesc pe El\u201d. D\u0103ruie\u015fte-mi, St\u0103p\u00e2ne, inim\u0103 curat\u0103 \u015fi credin\u0163\u0103 tare, pentru ca \u00een aceste clipe s\u0103 pot c\u00e2nta dimpreun\u0103 cu proorocul T\u0103u David: \u201eDoamne c\u00e2t s-au \u00eenmul\u0163it cei ce m\u0103 nec\u0103jesc! Mul\u0163i zic sufletului meu: Nu este m\u00e2ntuire lui \u00eentru Dumnezeul lui! Iar Tu, Doamne, sprijinitorul meu e\u015fti, slava mea \u015fi cel ce \u00eenal\u0163i fruntea mea! Cu glasul meu c\u0103tre Domnul am strigat \u015fi m-a auzit din muntele cel sf\u00e2nt al Lui; a Domnului este m\u00e2ntuirea \u015fi peste tot poporul T\u0103u binecuv\u00e2ntarea Ta\u201d. Amin.<\/p>","protected":false},"excerpt":{"rendered":"<p>\u00cen orice \u00eemprejurare te-ai afla, de bucurie, de \u00eentristare, lips\u0103 ori bun\u0103stare, \u00eenal\u0163\u0103 g\u00e2ndul smerit \u015fi inima curat\u0103 c\u0103tre Dumnezeu, aduc\u00e2ndu-I laud\u0103, mul\u0163umire ori cerere, \u015fi El, Care ascult\u0103 chem\u0103rile sincere \u015fi curate, nu te va trece cu vederea. Doamne, Doamne, Cel ce ai \u00eeng\u0103duit diavolului s\u0103 ispiteasc\u0103 \u00een rai pe str\u0103mo\u015fii no\u015ftri Adam \u015fi &hellip; <\/p>\n","protected":false},"author":3,"featured_media":0,"parent":45,"menu_order":12,"comment_status":"open","ping_status":"closed","template":"","meta":{"ngg_post_thumbnail":0,"footnotes":""},"class_list":["entry","page","publish","author-stefan","post-7016"],"jetpack_sharing_enabled":true,"_links":{"self":[{"href":"http:\/\/sfioanevanghelistul.ca\/wordpress\/en\/wp-json\/wp\/v2\/pages\/7016","targetHints":{"allow":["GET"]}}],"collection":[{"href":"http:\/\/sfioanevanghelistul.ca\/wordpress\/en\/wp-json\/wp\/v2\/pages"}],"about":[{"href":"http:\/\/sfioanevanghelistul.ca\/wordpress\/en\/wp-json\/wp\/v2\/types\/page"}],"author":[{"embeddable":true,"href":"http:\/\/sfioanevanghelistul.ca\/wordpress\/en\/wp-json\/wp\/v2\/users\/3"}],"replies":[{"embeddable":true,"href":"http:\/\/sfioanevanghelistul.ca\/wordpress\/en\/wp-json\/wp\/v2\/comments?post=7016"}],"version-history":[{"count":1,"href":"http:\/\/sfioanevanghelistul.ca\/wordpress\/en\/wp-json\/wp\/v2\/pages\/7016\/revisions"}],"predecessor-version":[{"id":7354,"href":"http:\/\/sfioanevanghelistul.ca\/wordpress\/en\/wp-json\/wp\/v2\/pages\/7016\/revisions\/7354"}],"up":[{"embeddable":true,"href":"http:\/\/sfioanevanghelistul.ca\/wordpress\/en\/wp-json\/wp\/v2\/pages\/45"}],"wp:attachment":[{"href":"http:\/\/sfioanevanghelistul.ca\/wordpress\/en\/wp-json\/wp\/v2\/media?parent=7016"}],"curies":[{"name":"wp","href":"https:\/\/api.w.org\/{rel}","templated":true}]}}