{"id":462,"date":"2009-10-30T09:10:23","date_gmt":"2009-10-30T09:10:23","guid":{"rendered":"http:\/\/www.bisericaortodoxaaurora.com\/?page_id=462"},"modified":"2020-02-28T23:04:51","modified_gmt":"2020-02-29T04:04:51","slug":"rugaciunile-de-seara","status":"publish","type":"page","link":"http:\/\/sfioanevanghelistul.ca\/wordpress\/sf-antonie-cel-mare\/rugaciunile-de-seara\/","title":{"rendered":"Rug\u0103ciunile de sear\u0103"},"content":{"rendered":"<p><\/p>\n<p style=\"text-align: justify;\">Slav\u0103 \u0162ie, Dumnezeul nostru, slav\u0103 \u0162ie!<\/p>\n<p style=\"text-align: justify;\">\u00cemp\u0103rate ceresc, M\u00e2ng\u00e2ietorule, Duhul adev\u0103rului, Care pretutindenea e\u015fti \u015fi toate le pline\u015fti, Vistierul bun\u0103t\u0103\u0163ilor \u015fi D\u0103t\u0103torule de via\u0163\u0103, vino \u015fi Te s\u0103l\u0103\u015fluie\u015fte \u00eentru noi \u015fi ne cur\u0103\u0163e\u015fte pe noi de toat\u0103 \u00eentinarea \u015fi m\u00e2ntuie\u015fte, Bunule, sufletele noastre.<\/p>\n<p style=\"text-align: justify;\">Sfinte Dumnezeule, Sfinte tare, Sfinte f\u0103r\u0103 de moarte, miluie\u015fte-ne pe noi (de trei ori).<\/p>\n<p style=\"text-align: justify;\">Slav\u0103 Tat\u0103lui \u015fi Fiului \u015fi Sf\u00e2ntului Duh. \u015ei acum \u015fi pururea \u015fi \u00een vecii vecilor. Amin.<\/p>\n<p style=\"text-align: justify;\">Preasf\u00e2nt\u0103 Treime, miluie\u015fte-ne pe noi; Doamne, cur\u0103\u0163e\u015fte p\u0103catele noastre; St\u0103p\u00e2ne, iart\u0103 f\u0103r\u0103delegile noastre; Sfinte, cerceteaz\u0103 \u015fi vindec\u0103 neputin\u0163ele noastre, pentru numele T\u0103u. Doamne miluie\u015fte (de trei ori). Slav\u0103&#8230; \u015ei acum&#8230;<\/p>\n<p style=\"text-align: justify;\">Tat\u0103l nostru, Care e\u015fti \u00een ceruri, sfin\u0163easc\u0103-se numele T\u0103u, vie \u00eemp\u0103r\u0103\u0163ia Ta, fac\u0103-se voia Ta precum \u00een cer a\u015fa \u015fi pe p\u0103m\u00e2nt. P\u00e2inea noastr\u0103 cea spre fiin\u0163\u0103 d\u0103-ne-o nou\u0103 ast\u0103zi. \u015ei ne iart\u0103 nou\u0103 gre\u015falele noastre, precum \u015fi noi iert\u0103m gre\u015fi\u0163ilor no\u015ftri. \u015ei nu ne duce pe noi \u00een ispit\u0103, ci ne izb\u0103ve\u015fte de cel r\u0103u.<\/p>\n<p style=\"text-align: justify;\">C\u0103 a Ta este \u00eemp\u0103r\u0103\u0163ia \u015fi puterea \u015fi slava, a Tat\u0103lui \u015fi a Fiului \u015fi a Sf\u00e2ntului Duh, acum \u015fi pururea \u015fi \u00een vecii vecilor. Amin.<\/p>\n<p style=\"text-align: justify;\">Miluie\u015fte-ne pe noi, Doamne, miluie\u015fte-ne pe noi, c\u0103 nepricep\u00e2ndu-ne de nici un r\u0103spuns, aceast\u0103 rug\u0103ciune aducem \u0162ie, ca unui St\u0103p\u00e2n, noi p\u0103c\u0103to\u015fii robii T\u0103i, miluie\u015fte-ne pe noi. Slav\u0103&#8230;<\/p>\n<p style=\"text-align: justify;\">Doamne, miluie\u015fte-ne pe noi, c\u0103 \u00eentru Tine am n\u0103d\u0103jduit; nu Te m\u00e2nia pe noi foarte, nici pomeni f\u0103r\u0103delegile noastre, ci caut\u0103 \u015fi acum ca un milostiv \u015fi ne izb\u0103ve\u015fte pe noi de vr\u0103jma\u015fii no\u015ftri, c\u0103 Tu e\u015fti Dumnezeul nostru \u015fi noi suntem poporul T\u0103u, to\u0163i lucrul m\u00e2inilor Tale \u015fi numele T\u0103u chem\u0103m. \u015ei acum&#8230;<\/p>\n<p style=\"text-align: justify;\">U\u015fa milostivirii deschide-o nou\u0103, binecuv\u00e2ntat\u0103 N\u0103sc\u0103toare de Dumnezeu, ca s\u0103 nu pierim noi, cei ce n\u0103d\u0103jduim \u00eentru tine, ci s\u0103 ne m\u00e2ntuim prin tine din nevoi, c\u0103 tu e\u015fti m\u00e2ntuirea neamului cre\u015ftinesc.<\/p>\n<p style=\"text-align: justify;\">Doamne miluie\u015fte (de 12 ori), apoi:<\/p>\n<p style=\"text-align: justify;\"><strong>Rug\u0103ciunea \u00eent\u00e2ia, a Sf\u00e2ntului Macarie cel Mare, c\u0103tre Dumnezeu Tat\u0103l<\/strong><\/p>\n<p style=\"text-align: justify;\">Dumnezeule ve\u015fnic \u015fi \u00cemp\u0103rate a toat\u0103 f\u0103ptura, Cel ce m-ai \u00eenvrednicit a ajunge p\u00e2n\u0103 \u00een acest ceas, iart\u0103-mi p\u0103catele ce am f\u0103cut \u00een aceast\u0103 zi \u2013 cu lucrul, cu cuv\u00e2ntul, cu g\u00e2ndul \u2013 \u015fi cur\u0103\u0163e\u015fte, Doamne, smeritul meu suflet de toat\u0103 \u00eentinarea trupului \u015fi a sufletului. \u015ei-mi d\u0103, Doamne, \u00een aceast\u0103 noapte, a trece somnul \u00een pace, ca scul\u00e2ndu-m\u0103 din smeritul meu a\u015fternut, bine s\u0103 plac preasf\u00e2ntului T\u0103u nume \u00een toate zilele vie\u0163ii mele \u015fi s\u0103 birui pe vr\u0103jma\u015fii cei ce m\u0103 lupt\u0103, pe cei trupe\u015fti \u015fi pe cei f\u0103r\u0103 de trup. \u015ei m\u0103 izb\u0103ve\u015fte, Doamne, de g\u00e2ndurile cele de\u015farte care m\u0103 \u00eentineaz\u0103 \u015fi de poftele cele rele. C\u0103 a Ta este \u00eemp\u0103r\u0103\u0163ia, puterea \u015fi slava: a Tat\u0103lui \u015fi a Fiului \u015fi a Sf\u00e2ntului Duh, acum \u015fi pururea \u015fi \u00een vecii vecilor. Amin.<\/p>\n<p style=\"text-align: justify;\"><strong>Rug\u0103ciunea a doua, a Sf\u00e2ntului Antioh, c\u0103tre Domnul nostru Iisus Hristos<\/strong><\/p>\n<p style=\"text-align: justify;\">Atot\u0163iitorule, Cuvinte al Tat\u0103lui, \u00censu\u0163i fiind des\u0103v\u00e2r\u015fit, Iisuse Hristoase, pentru mult\u0103 milostivirea Ta, nu Te dezlipi de mine, robul T\u0103u, ci odihne\u015fte \u00een mine pururea, Iisuse, Cel ce e\u015fti P\u0103stor bun al oilor Tale. Nu m\u0103 da ispitei \u015farpelui, nici nu m\u0103 l\u0103sa \u00een pofta satanei, c\u0103 s\u0103m\u00e2n\u0163a putrejunii este \u00een mine. Tu, Doamne Dumnezeule, Cel c\u0103ruia ne \u00eenchin\u0103m, \u00cemp\u0103rate sfinte, Iisuse Hristoase, dormind eu, p\u0103ze\u015fte-m\u0103 cu lumina cea ne\u00eenserat\u0103, cu Duhul T\u0103u cel Sf\u00e2nt, cu Care ai sfin\u0163it pe ucenicii T\u0103i. D\u0103-mi, Doamne, \u015fi mie, nevrednicului robului T\u0103u, m\u00e2ntuirea Ta \u00een a\u015fternutul meu. Lumineaz\u0103 mintea mea cu \u00een\u0163elegerea sfintei Tale Evanghelii, sufletul meu cu dragostea Crucii Tale, inima mea cu cur\u0103\u0163ia cuvintelor Tale, trupul meu cu patima Ta cea nebiruit\u0103, cugetul meu cu smerenia Ta \u00eel p\u0103ze\u015fte \u015fi m\u0103 ridic\u0103, la vreme cuvioas\u0103, spre a Ta sl\u0103vire, c\u0103 preasl\u0103vit e\u015fti cu Cel f\u0103r\u0103 de \u00eenceput al T\u0103u P\u0103rinte \u015fi cu preasf\u00e2ntul Duh, \u00een veci. Amin.<\/p>\n<p style=\"text-align: justify;\"><strong>Rug\u0103ciunea a treia, c\u0103tre Sf\u00e2ntul Duh<\/strong><\/p>\n<p style=\"text-align: justify;\">Doamne, \u00cemp\u0103rate Ceresc, M\u00e2ng\u00e2ietorule, Duhule adev\u0103rate, milostive\u015fte-Te spre mine, p\u0103c\u0103tosul robul T\u0103u, \u015fi m\u0103 miluie\u015fte \u015fi-mi iart\u0103 mie nevrednicului toate c\u00e2te am gre\u015fit \u0162ie, ast\u0103zi, ca un om, \u015fi mai r\u0103u dec\u00e2t un om, p\u0103catele mele cele de voie \u015fi cele f\u0103r\u0103 de voie, cele \u015ftiute \u015fi cele ne\u015ftiute, care sunt din tinere\u0163e \u015fi din obiceiul cel r\u0103u \u015fi care sunt din voia cea slobod\u0103 \u015fi din lene; ori de m-am jurat cu numele T\u0103u, ori de l-am hulit \u00een g\u00e2ndul meu sau pe cineva am oc\u0103r\u00e2t, sau pe cineva am clevetit \u00eentru m\u00e2nie, sau am m\u00e2hnit pe cineva, sau de ceva m-am m\u00e2niat, sau am min\u0163it sau f\u0103r\u0103 de vreme am dormit, sau vreun s\u0103rac a venit la mine \u015fi nu l-am luat \u00een seam\u0103, sau pe fratele meu l-am sc\u00e2rbit, sau m-am sf\u0103dit, sau pe cineva am os\u00e2ndit, sau m-am m\u0103rit, sau m-am trufit, sau m-am m\u00e2niat, sau, st\u00e2nd la rug\u0103ciune, mintea mea s-a aplecat spre vicleniile acestei lumi, sau r\u0103zvr\u0103tire am cugetat, sau prea m-am s\u0103turat, sau m-am \u00eemb\u0103tat, sau nebune\u015fte am r\u00e2s, sau ceva r\u0103u am cugetat, sau frumuse\u0163e str\u0103in\u0103 am v\u0103zut \u015fi cu d\u00e2nsa mi-am r\u0103nit inima, sau ce nu se cuvine am gr\u0103it, sau de p\u0103catul fratelui meu am r\u00e2s, iar p\u0103catele mele nu le-am socotit, sau de rug\u0103ciune nu m-am \u00eengrijit, sau altceva r\u0103u am f\u0103cut \u015fi nu-mi aduc aminte; c\u0103 acestea toate \u015fi mai mari dec\u00e2t acestea am f\u0103cut. Miluie\u015fte-m\u0103, St\u0103p\u00e2ne \u015fi F\u0103c\u0103torul meu, pe mine, lene\u015ful \u015fi nevrednicul robul T\u0103u, \u015fi m\u0103 u\u015fureaz\u0103 \u015fi m\u0103 sloboze\u015fte \u015fi m\u0103 iart\u0103, ca un bun \u015fi de oameni iubitor. Ca \u00een pace s\u0103 m\u0103 culc \u015fi s\u0103 dorm eu, p\u0103c\u0103tosul, necuratul \u015fi netrebnicul \u015fi s\u0103 m\u0103 \u00eenchin, s\u0103 c\u00e2nt \u015fi s\u0103 preasl\u0103vesc preacinstit numele T\u0103u, \u00eempreun\u0103 cu al Tat\u0103lui \u015fi cu al Unuia-N\u0103scut Fiului S\u0103u, acum \u015fi pururea \u015fi \u00een vecii vecilor. Amin.<\/p>\n<p style=\"text-align: justify;\"><strong>Rug\u0103ciunea a patra<\/strong><\/p>\n<p style=\"text-align: justify;\">Doamne Dumnezeul nostru, orice am gre\u015fit \u00een aceast\u0103 zi cu cuv\u00e2ntul, cu fapta \u015fi cu g\u00e2ndul, ca un bun \u015fi iubitor de oameni, iart\u0103-mi. Somn cu pace \u015fi f\u0103r\u0103 m\u00e2hnire d\u0103ruie\u015fte-mi. Pe \u00eengerul T\u0103u cel ap\u0103r\u0103tor \u00eel trimite s\u0103 m\u0103 acopere \u015fi s\u0103 m\u0103 p\u0103zeasc\u0103 de tot r\u0103ul. C\u0103 Tu e\u015fti p\u0103zitorul sufletelor \u015fi al trupurilor noastre \u015fi \u0162ie slav\u0103 \u00een\u0103l\u0163\u0103m: Tat\u0103lui \u015fi Fiului \u015fi Sf\u00e2ntului Duh, acum \u015fi pururea \u015fi \u00een vecii vecilor. Amin.<\/p>\n<p style=\"text-align: justify;\"><strong>Rug\u0103ciunea a cincea<\/strong><\/p>\n<p style=\"text-align: justify;\">Doamne, Dumnezeul nostru, \u00een Care am crezut \u015fi al C\u0103rui nume mai mult dec\u00e2t tot numele \u00eel chem\u0103m, d\u0103-ne iertare sufletului \u015fi trupului nou\u0103, celor ce mergem spre somn; p\u0103ze\u015fte-ne de toat\u0103 n\u0103lucirea \u015fi de \u00eentunecata dulcea\u0163\u0103, potole\u015fte pornirea poftelor, stinge aprinderea zburd\u0103rii trupe\u015fti \u015fi ne d\u0103 \u00een cur\u0103\u0163ie a vie\u0163ui cu lucrurile \u015fi cu cuvintele, ca, dob\u00e2ndind via\u0163\u0103 cu fapte bune, s\u0103 nu c\u0103dem din binele T\u0103u cel f\u0103g\u0103duit, c\u0103 bine e\u015fti cuv\u00e2ntat \u00een veci. Amin.<\/p>\n<p style=\"text-align: justify;\"><strong>Rug\u0103ciunea a \u015fasea, c\u0103tre Maica Domnului<\/strong><\/p>\n<p style=\"text-align: justify;\">Preacurat\u0103 \u015fi binecuv\u00e2ntat\u0103 N\u0103sc\u0103toare de Dumnezeu, Marie, Maica cea bun\u0103 a Bunului \u00cemp\u0103rat, revars\u0103 mila Fiului T\u0103u \u015fi Dumnezeului nostru spre p\u0103tima\u015ful meu suflet \u015fi, cu rug\u0103ciunile tale, m\u0103 \u00eendreapt\u0103 spre fapte bune; ca cealalt\u0103 vreme a vie\u0163ii mele f\u0103r\u0103 prihan\u0103 s\u0103 o trec \u015fi pentru tine raiul s\u0103 dob\u00e2ndesc, Fecioar\u0103 de Dumnezeu N\u0103sc\u0103toare, ceea ce e\u015fti una curat\u0103 \u015fi binecuv\u00e2ntat\u0103.<\/p>\n<p style=\"text-align: justify;\"><strong>Rug\u0103ciunea a \u015faptea, c\u0103tre Sf\u00e2ntul \u00cenger, p\u0103zitorul vie\u0163ii<\/strong><\/p>\n<p style=\"text-align: justify;\">\u00cengere al lui Hristos, p\u0103zitorul meu cel sf\u00e2nt \u015fi acoperitorul sufletului \u015fi al trupului meu, iart\u0103-mi toate c\u00e2te am gre\u015fit \u00een ziua de ast\u0103zi \u015fi de toat\u0103 viclenia vr\u0103jma\u015fului meu celui potrivnic m\u0103 izb\u0103ve\u015fte; ca s\u0103 nu m\u00e2nii cu nici un p\u0103cat pe Dumnezeul meu, \u015fi te roag\u0103 pentru mine, p\u0103c\u0103tosul \u015fi nevrednicul rob, ca s\u0103 m\u0103 ar\u0103\u0163i vrednic bun\u0103t\u0103\u0163ii \u015fi milei Preasfintei Treimi \u015fi Maicii Domnului meu Iisus Hristos \u015fi tuturor Sfin\u0163ilor. Amin.<\/p>\n<p style=\"text-align: justify;\"><strong>Condacul N\u0103sc\u0103toarei de Dumnezeu<\/strong><\/p>\n<p style=\"text-align: justify;\">Ap\u0103r\u0103toare Doamn\u0103, pentru biruin\u0163\u0103 mul\u0163umiri, izb\u0103vindu-ne din nevoi aducem \u0163ie, N\u0103sc\u0103toare de Dumnezeu, noi robii t\u0103i. Ci ca ceea ce ai st\u0103p\u00e2nire nebiruit\u0103, izb\u0103ve\u015fte-ne din toate nevoile, ca s\u0103 strig\u0103m \u0163ie: Bucur\u0103-te, Mireas\u0103, pururea Fecioar\u0103.<\/p>\n<p style=\"text-align: justify;\">Fecioar\u0103, care e\u015fti pururea sl\u0103vit\u0103, de Dumnezeu N\u0103sc\u0103toare, Marie, Maica lui Hristos Dumnezeul nostru, prime\u015fte rug\u0103ciunile noastre \u015fi le du Fiului t\u0103u \u015fi Dumnezeului nostru, ca s\u0103 m\u00e2ntuiasc\u0103 \u015fi s\u0103 lumineze, pentru tine, sufletele noastre.<\/p>\n<p style=\"text-align: justify;\">Toat\u0103 n\u0103dejdea mea spre tine o pun, Maica lui Dumnezeu, p\u0103ze\u015fte-m\u0103 sub acoper\u0103m\u00e2ntul t\u0103u.<\/p>\n<p style=\"text-align: justify;\">De Dumnezeu N\u0103sc\u0103toare Fecioar\u0103, nu m\u0103 trece cu vederea pe mine p\u0103c\u0103tosul, cel ce am nevoie de ajutorul t\u0103u \u015fi de folosin\u0163a ta, c\u0103 spre tine n\u0103d\u0103jduie\u015fte sufletul meu \u015fi m\u0103 miluie\u015fte.<\/p>\n<p style=\"text-align: justify;\"><strong>Rug\u0103ciunea Sf\u00e2ntului Ioanichie<\/strong><\/p>\n<p style=\"text-align: justify;\">N\u0103dejdea mea este Tat\u0103l, sc\u0103parea mea este Fiul, acoper\u0103m\u00e2ntul meu este Duhul Sf\u00e2nt, Treime Sf\u00e2nt\u0103, slav\u0103 \u0162ie. Apoi:<\/p>\n<p style=\"text-align: justify;\">Cuvine-se cu adev\u0103rat s\u0103 te fericim, N\u0103sc\u0103toare de Dumnezeu, cea pururea fericit\u0103 \u015fi prea nevinovat\u0103 \u015fi Maica Dumnezeului nostru. Ceea ce e\u015fti mai cinstit\u0103 dec\u00e2t Heruvimii \u015fi mai sl\u0103vit\u0103 f\u0103r\u0103 de asem\u0103nare dec\u00e2t Serafimii, care f\u0103r\u0103 stric\u0103ciune pe Dumnezeu-Cuv\u00e2ntul ai n\u0103scut, pe tine, cea cu adev\u0103rat N\u0103sc\u0103toare de Dumnezeu, te m\u0103rim. Slav\u0103&#8230; \u015ei acum&#8230; Doamne miluie\u015fte (de trei ori).<\/p>\n<p style=\"text-align: justify;\">Doamne Iisuse Hristoase, Fiul lui Dumnezeu, pentru rug\u0103ciunile Preacuratei Maicii Tale, ale preacuvio\u015filor p\u0103rin\u0163ilor no\u015ftri \u015fi ale tuturor sfin\u0163ilor, m\u00e2ntuie\u015fte-m\u0103 pe mine p\u0103c\u0103tosul.<\/p>\n<p style=\"text-align: justify;\"><strong>Rug\u0103ciunea Sf\u00e2ntului Ioan Damaschin <\/strong>(Aceasta s\u0103 o zici ar\u0103t\u00e2nd spre patul t\u0103u)<\/p>\n<p style=\"text-align: justify;\">St\u0103p\u00e2ne, Iubitorule de oameni, au doar\u0103 nu-mi va fi acest pat groap\u0103? Sau \u00eenc\u0103 vei mai lumina cu ziua smeritul meu suflet? Iat\u0103, groapa \u00eemi zace \u00een fa\u0163\u0103 \u015fi moartea \u00eemi st\u0103 \u00eenainte. De judecata Ta, Doamne, m\u0103 tem \u015fi de chinul cel f\u0103r\u0103 de sf\u00e2r\u015fit; iar a face r\u0103u nu mai contenesc. Pe Tine, Doamne Dumnezeul meu, pururea Te m\u00e2nii \u015fi pe Preacurata Maica Ta \u015fi pe sf\u00e2ntul \u00eenger p\u0103zitorul meu. \u015ei \u015ftiu, Doamne, c\u0103 nu sunt vrednic de iubirea Ta de oameni, ci vrednic sunt de toat\u0103 os\u00e2nda \u015fi chinul. Ci rogu-Te, Doamne, m\u00e2ntuie\u015fte-m\u0103 dup\u0103 mul\u0163imea bun\u0103t\u0103\u0163ii Tale, c\u0103 de vei m\u00e2ntui pe cel drept nu-i lucru mare, iar de vei milui pe cel curat nu-i nici o minune, c\u0103 vrednici sunt ei de mila Ta; ci spre mine p\u0103c\u0103tosul s\u0103 faci minuni cu mila Ta, \u00eentru aceasta s\u0103 ar\u0103\u0163i iubirea Ta de oameni, pentru ca r\u0103utatea mea s\u0103 nu biruiasc\u0103 bun\u0103tatea \u015fi milostivirea Ta cea nespus\u0103, ci, precum voie\u015fti, tocme\u015fte pentru mine lucrul.<\/p>\n<p style=\"text-align: justify;\">Deci, cu \u00eenchin\u0103ciune p\u00e2n\u0103 la p\u0103m\u00e2nt, zi:<\/p>\n<p style=\"text-align: justify;\">M\u0103 \u00eenchin \u0162ie, Preasf\u00e2nt\u0103 Treime, Care e\u015fti o fiin\u0163\u0103 de via\u0163\u0103 f\u0103c\u0103toare \u015fi nedesp\u0103r\u0163it\u0103: P\u0103rinte \u015fi Fiule \u015fi Duhule Sfinte; cred \u00eentru Tine, Te m\u0103rturisesc \u015fi Te sl\u0103vesc; mul\u0163umescu-\u0162i \u015fi Te laud; cinstescu-Te \u015fi Te prea\u00eenal\u0163 \u015fi Te rog: miluie\u015fte-m\u0103 pe mine, nevrednicul robul T\u0103u, pentru numele T\u0103u (de 3 ori).<\/p>\n<p style=\"text-align: justify;\">M\u0103 \u00eenchin \u0162ie, Preasf\u00e2nt\u0103 N\u0103sc\u0103toare de Dumnezeu, care ne-ai ar\u0103tat lumina cea adev\u0103rat\u0103 cu na\u015fterea ta, \u00eemp\u0103r\u0103teasa cerului \u015fi a p\u0103m\u00e2ntului, n\u0103dejdea celor f\u0103r\u0103 de n\u0103dejde, ajut\u0103toarea neputincio\u015filor \u015fi \u00eemp\u0103carea cu Dumnezeu a tuturor p\u0103c\u0103to\u015filor. Tu m\u0103 acoper\u0103 \u015fi m\u0103 ap\u0103r\u0103 de toate nevoile \u015fi \u00eempresur\u0103rile suflete\u015fti \u015fi trupe\u015fti. \u015ei-mi fii folositoare cu preaputernicele tale rug\u0103ciuni (o \u00eenchin\u0103ciune).<\/p>\n<p style=\"text-align: justify;\">Preasf\u00e2nt\u0103 St\u0103p\u00e2n\u0103 de Dumnezeu N\u0103sc\u0103toare, prime\u015fte aceast\u0103 pu\u0163in\u0103 rug\u0103ciune \u015fi o du Fiului t\u0103u \u015fi Dumnezeului nostru, ca s\u0103 m\u00e2ntuiasc\u0103 \u015fi s\u0103 lumineze, pentru tine, sufletele noastre (o \u00eenchin\u0103ciune).<\/p>\n<p style=\"text-align: justify;\">Toate puterile cere\u015fti: Scaune, Domnii, \u00cencep\u0103torii, St\u0103p\u00e2nii, Puteri, Heruvimi, Serafimi, Arhangheli \u015fi \u00cengeri, ruga\u0163i-v\u0103 lui Dumnezeu pentru mine p\u0103c\u0103tosul (o \u00eenchin\u0103ciune).<\/p>\n<p style=\"text-align: justify;\">Sfinte \u015fi mare Proorocule Ioane, \u00cenainte-merg\u0103torule \u015fi Botez\u0103torul Domnului, cel ce ai p\u0103timit pentru Hristos \u015fi ai luat \u00eendr\u0103zneal\u0103 c\u0103tre St\u0103p\u00e2nul, roag\u0103-te pentru mine, p\u0103c\u0103tosul, ca s\u0103 m\u0103 m\u00e2ntuiesc pentru rug\u0103ciunile tale (o \u00eenchin\u0103ciune).<\/p>\n<p style=\"text-align: justify;\">Sfin\u0163ilor ai lui Dumnezeu: apostoli, prooroci, mucenici, arhierei, postitori, tem\u0103tori de Dumnezeu, drep\u0163i, locuitori \u00een pustie, c\u0103lug\u0103ri, patriarhi \u015fi to\u0163i sfin\u0163ii care a\u0163i p\u0103timit pentru Hristos \u015fi a\u0163i c\u00e2\u015ftigat \u00eendr\u0103zneal\u0103 c\u0103tre St\u0103p\u00e2nul, ruga\u0163i-v\u0103 pentru mine, p\u0103c\u0103tosul, ca s\u0103 m\u0103 m\u00e2ntuiesc pentru rug\u0103ciunile voastre (o \u00eenchin\u0103ciune).<\/p>\n<p style=\"text-align: justify;\">Sfinte Ioane Gur\u0103-de-Aur, cu Vasile cel Mare, cu Grigore de Dumnezeu cuv\u00e2nt\u0103torul, cu f\u0103c\u0103torul de minuni Nicolae \u015fi cu to\u0163i sfin\u0163ii \u00eencep\u0103tori ai preo\u0163iei, ajuta\u0163i-mi \u015fi milui\u0163i-m\u0103 cu rug\u0103ciunile \u015fi mijlocirea voastr\u0103 (o \u00eenchin\u0103ciune).<\/p>\n<p style=\"text-align: justify;\">Sfinte femei: mironosi\u0163e, tem\u0103toare de Dumnezeu \u015fi fecioare, care a\u0163i slujit lui Dumnezeu dup\u0103 cuviin\u0163\u0103, ruga\u0163i-v\u0103 Lui pentru mine p\u0103c\u0103tosul (o \u00eenchin\u0103ciune).<\/p>\n<p style=\"text-align: justify;\">Nebiruit\u0103 \u015fi dumnezeiasc\u0103 putere a cinstitei \u015fi de via\u0163\u0103 f\u0103c\u0103toarei cruci a Domnului, nu m\u0103 l\u0103sa pe mine, p\u0103c\u0103tosul, ci m\u0103 ap\u0103r\u0103 de toat\u0103 ispita trupeasc\u0103 \u015fi sufleteasc\u0103 (o \u00eenchin\u0103ciune).<\/p>\n<p style=\"text-align: justify;\">Preacurat\u0103 St\u0103p\u00e2n\u0103, de Dumnezeu N\u0103sc\u0103toare, n\u0103dejdea tuturor cre\u015ftinilor, pentru c\u0103 alt\u0103 \u00eendr\u0103zneal\u0103 \u015fi n\u0103dejde nu am, f\u0103r\u0103 numai pe tine, cea cu totul nevinovat\u0103, St\u0103p\u00e2na mea \u015fi Doamn\u0103, de Dumnezeu N\u0103sc\u0103toare, Maica lui Hristos, Dumnezeul meu, pentru aceea m\u0103 rog: Miluie\u015fte-m\u0103 \u015fi m\u0103 izb\u0103ve\u015fte de toate r\u0103ut\u0103\u0163ile mele \u015fi roag\u0103 pe milostivul t\u0103u Fiu \u015fi Dumnezeul meu ca s\u0103 miluiasc\u0103 netrebnicul meu suflet, s\u0103 m\u0103 izb\u0103veasc\u0103 de ve\u015fnicele chinuri \u015fi s\u0103 m\u0103 \u00eenvredniceasc\u0103 \u00eemp\u0103r\u0103\u0163iei Sale (o \u00eenchin\u0103ciune).<\/p>\n<p style=\"text-align: justify;\">Sfinte \u00cengere, p\u0103zitorul meu, acoper\u0103-m\u0103 cu aripile bun\u0103t\u0103\u0163ii tale, izgone\u015fte de la mine toat\u0103 reaua lucrare a diavolului \u015fi roag\u0103 pe Dumnezeu pentru mine, p\u0103c\u0103tosul.<\/p>\n<p style=\"text-align: justify;\">\u015ei apoi, voind s\u0103 te a\u015fezi \u00een a\u015fternut, zi aceasta:<\/p>\n<p style=\"text-align: justify;\">Lumineaz\u0103-mi ochii, Hristoase Dumnezeule, ca nu cumva s\u0103 adorm \u00eentru moarte, ca nu cumva s\u0103 zic\u0103 vr\u0103jma\u015ful meu: \u00eent\u0103ritu-m-am asupra lui.<\/p>\n<p style=\"text-align: justify;\">Slav\u0103 Tat\u0103lui \u015fi Fiului \u015fi Sf\u00e2ntului Duh.<\/p>\n<p style=\"text-align: justify;\">Sprijinitor sufletului meu fii, Dumnezeule, c\u0103 umblu prin mijlocul a multor curse; izb\u0103ve\u015fte-m\u0103 de ele \u015fi m\u0103 m\u00e2ntuie\u015fte, Bunule, ca un iubitor de oameni.<\/p>\n<p style=\"text-align: justify;\">\u015ei acum \u015fi pururea \u015fi \u00een vecii vecilor. Amin.<\/p>\n<p style=\"text-align: justify;\">Pream\u0103rit\u0103 Maic\u0103 a lui Dumnezeu, care e\u015fti mai sf\u00e2nt\u0103 dec\u00e2t sfin\u0163ii \u00eengeri, ne\u00eencetat te c\u00e2nt\u0103m cu inima \u015fi cu gura, m\u0103rturisind c\u0103 tu e\u015fti de Dumnezeu N\u0103sc\u0103toare, c\u0103ci cu adev\u0103rat ne-ai n\u0103scut nou\u0103 pe Dumnezeu \u00eentrupat \u015fi te rogi ne\u00eencetat pentru sufletele noastre.<\/p>\n<p style=\"text-align: justify;\"><strong>Rug\u0103ciunea Sfintei Cruci <\/strong>(Aceasta s\u0103 o zici s\u0103rut\u00e2nd crucea ta \u015fi f\u0103c\u00e2nd semnul Crucii pe locul unde vrei s\u0103 te culci, de la cap p\u00e2n\u0103 la picioare)<\/p>\n<p style=\"text-align: justify;\">S\u0103 \u00eenvie Dumnezeu \u015fi s\u0103 se risipeasc\u0103 vr\u0103jma\u015fii Lui \u015fi s\u0103 fug\u0103 de la fa\u0163a Lui cei ce-L ur\u0103sc pe D\u00e2nsul. S\u0103 piar\u0103, cum piere fumul; cum se tope\u015fte ceara la fa\u0163a focului, a\u015fa s\u0103 piar\u0103 diavolii de la fa\u0163a celor ce-L iubesc pe Dumnezeu \u015fi se \u00eensemneaz\u0103 cu semnul crucii \u015fi zic cu veselie: Bucur\u0103-te, preacinstit\u0103 \u015fi de via\u0163\u0103 f\u0103c\u0103toare crucea Domnului, care alungi pe diavoli cu puterea Celui ce S-a r\u0103stignit pe tine, a Domnului nostru Iisus Hristos, \u015fi S-a pogor\u00e2t la iad \u015fi a c\u0103lcat puterea diavolului \u015fi te-a d\u0103ruit nou\u0103 pe tine, cinstit\u0103 crucea Sa, spre alungarea a tot pizma\u015ful. O, preacinstit\u0103 \u015fi de via\u0163\u0103 f\u0103c\u0103toare crucea Domnului! Ajut\u0103-mi cu Sf\u00e2nta Doamn\u0103 Fecioar\u0103, N\u0103sc\u0103toare de Dumnezeu, \u015fi cu to\u0163i sfin\u0163ii \u00een veci. Amin.<\/p>\n<p><\/p>","protected":false},"excerpt":{"rendered":"<p>Slav\u0103 \u0162ie, Dumnezeul nostru, slav\u0103 \u0162ie! \u00cemp\u0103rate ceresc, M\u00e2ng\u00e2ietorule, Duhul adev\u0103rului, Care pretutindenea e\u015fti \u015fi toate le pline\u015fti, Vistierul bun\u0103t\u0103\u0163ilor \u015fi D\u0103t\u0103torule de via\u0163\u0103, vino \u015fi Te s\u0103l\u0103\u015fluie\u015fte \u00eentru noi \u015fi ne cur\u0103\u0163e\u015fte pe noi de toat\u0103 \u00eentinarea \u015fi m\u00e2ntuie\u015fte, Bunule, sufletele noastre. Sfinte Dumnezeule, Sfinte tare, Sfinte f\u0103r\u0103 de moarte, miluie\u015fte-ne pe noi (de &hellip; <\/p>\n","protected":false},"author":3,"featured_media":0,"parent":45,"menu_order":4,"comment_status":"open","ping_status":"closed","template":"","meta":{"ngg_post_thumbnail":0,"footnotes":""},"class_list":["entry","page","publish","author-stefan","post-462"],"jetpack_sharing_enabled":true,"_links":{"self":[{"href":"http:\/\/sfioanevanghelistul.ca\/wordpress\/wp-json\/wp\/v2\/pages\/462","targetHints":{"allow":["GET"]}}],"collection":[{"href":"http:\/\/sfioanevanghelistul.ca\/wordpress\/wp-json\/wp\/v2\/pages"}],"about":[{"href":"http:\/\/sfioanevanghelistul.ca\/wordpress\/wp-json\/wp\/v2\/types\/page"}],"author":[{"embeddable":true,"href":"http:\/\/sfioanevanghelistul.ca\/wordpress\/wp-json\/wp\/v2\/users\/3"}],"replies":[{"embeddable":true,"href":"http:\/\/sfioanevanghelistul.ca\/wordpress\/wp-json\/wp\/v2\/comments?post=462"}],"version-history":[{"count":1,"href":"http:\/\/sfioanevanghelistul.ca\/wordpress\/wp-json\/wp\/v2\/pages\/462\/revisions"}],"predecessor-version":[{"id":15393,"href":"http:\/\/sfioanevanghelistul.ca\/wordpress\/wp-json\/wp\/v2\/pages\/462\/revisions\/15393"}],"up":[{"embeddable":true,"href":"http:\/\/sfioanevanghelistul.ca\/wordpress\/wp-json\/wp\/v2\/pages\/45"}],"wp:attachment":[{"href":"http:\/\/sfioanevanghelistul.ca\/wordpress\/wp-json\/wp\/v2\/media?parent=462"}],"curies":[{"name":"wp","href":"https:\/\/api.w.org\/{rel}","templated":true}]}}