{"id":442,"date":"2009-10-30T02:12:47","date_gmt":"2009-10-30T02:12:47","guid":{"rendered":"http:\/\/www.bisericaortodoxaaurora.com\/?page_id=442"},"modified":"2026-03-30T17:29:04","modified_gmt":"2026-03-30T21:29:04","slug":"randuieli-bisericesti","status":"publish","type":"page","link":"http:\/\/sfioanevanghelistul.ca\/wordpress\/randuieli-bisericesti\/","title":{"rendered":"R\u00e2nduieli biserice\u0219ti"},"content":{"rendered":"<p><\/p>\n<h1 style=\"text-align: center;\"><strong><span style=\"text-decoration: underline;\"><a href=\"http:\/\/sfioanevanghelistul.ca\/wordpress\/wp-content\/uploads\/2015\/07\/dekoulou_zodiac_3.jpg\"><img loading=\"lazy\" decoding=\"async\" class=\"aligncenter\" src=\"http:\/\/iesiti-din-babilon.webstarts.com\/uploads\/dekoulou_zodiac_3.jpg\" alt=\"\" width=\"579\" height=\"418\"><\/a><\/span><\/strong><span style=\"text-decoration: underline;\">2026<\/span><\/h1>\n<div class=\"zile-importante\">\n<p><span style=\"color: #ff0000;\">ZILE DE POST \u015eI POSTURI DE PESTE AN<\/span><\/p>\n<ul>\n<li>Miercurile \u0219i vinerile de peste an (\u00een afar\u0103 de cele cu dezlegare, \u00eensemnate cu&nbsp;<em>har\u021bi<\/em>)<\/li>\n<li>Ajunul Bobotezei (luni, 5 ianuarie)<\/li>\n<li>T\u0103ierea Capului Sf\u00e2ntului Ioan Botez\u0103torul (s\u00e2mb\u0103t\u0103, 29 august)<\/li>\n<li>\u00cen\u0103l\u021barea Sfintei Cruci (luni, 14 septembrie)<\/li>\n<li>Postul Sfintelor Pa\u0219ti (luni, 23 februarie&nbsp;\u2013 s\u00e2mb\u0103t\u0103, 11 aprilie)<\/li>\n<li>Postul Sfin\u021bilor Apostoli Petru \u0219i Pavel (luni,&nbsp;8 iunie \u2013 duminic\u0103, 28 iunie)&nbsp;<\/li>\n<li>Postul Adormirii Maicii Domnului (vineri, 31 iulie \u2013 vineri, 14 august)&nbsp;<\/li>\n<li>Postul Na\u0219terii Domnului (duminic\u0103, 15 noiembrie \u2013 joi, 24 decembrie)<\/li>\n<\/ul>\n<p><span style=\"color: #ff0000;\">ZILE ALITURGICE \u015eI ZILE CU DIFERITE LITURGHII<\/span><\/p>\n<p>Zile aliturgice (\u00een care nu se s\u0103v\u00e2r\u015fe\u015fte nicio Sf\u00e2nt\u0103 Liturghie):<\/p>\n<ul>\n<li>miercuri \u015fi vineri, \u00een s\u0103pt\u0103m\u00e2na L\u0103satului sec de br\u00e2nz\u0103 (18 \u015fi 20 februarie);<\/li>\n<li>luni \u015fi mar\u0163i, \u00een prima s\u0103pt\u0103m\u00e2n\u0103 a Postului Sfintelor Pa\u015fti (23 \u0219i 24 februarie);<\/li>\n<li>\u00een Sf\u00e2nta \u015fi Marea Vineri (10 aprilie).<\/li>\n<\/ul>\n<p>Liturghia Sf\u00e2ntului Vasile cel Mare se s\u0103v\u00e2r\u015fe\u015fte de 10 ori pe an: 1 \u015fi 5 ianuarie; 1, 8, 15, 22 \u0219i 29 martie; 9 \u0219i 11 aprilie; 24 decembrie.<\/p>\n<p>Liturghia Darurilor \u00cenainte Sfin\u0163ite se s\u0103v\u00e2r\u015fe\u015fte \u00een zilele de r\u00e2nd din Postul Sfintelor Pa\u015fti (luni-vineri), \u00eencep\u00e2nd de miercuri \u00een prima s\u0103pt\u0103m\u00e2n\u0103 a Postului Mare, p\u00e2n\u0103 \u00een Sf\u00e2nta \u015fi Marea Miercuri inclusiv, cu excep\u0163ia praznicului Bunei Vestiri.<\/p>\n<p>Liturghia Sf\u00e2ntului Ioan Gur\u0103 de Aur se s\u0103v\u00e2r\u015fe\u015fte \u00een toate celelalte zile.<\/p>\n<p><span style=\"color: #ff0000;\">ZILE \u00ceN CARE NU SE S\u0102V\u00c2R\u015eESC PARASTASE<\/span><\/p>\n<ul>\n<li>\u00een toate duminicile de peste an;<\/li>\n<li>la Praznicele \u00eemp\u0103r\u0103te\u015fti (la \u00cen\u0103l\u0163area Domnului se va s\u0103v\u00e2r\u015fi doar pomenirea special\u0103 a eroilor);<\/li>\n<li>\u00een zilele de r\u00e2nd (luni-vineri) ale Postului Mare (se s\u0103v\u00e2r\u015fe\u015fte doar Litia mic\u0103 pentru mor\u0163i);<\/li>\n<li>in zilele aliturgice; in perioada de la Duminica Floriilor p\u00e2n\u0103 la Duminica Sf\u00e2ntului Apostol Toma (5 \u2013 19 aprilie);<\/li>\n<li>\u00een perioada de la Cr\u0103ciun p\u00e2n\u0103 la Boboteaz\u0103 (25 decembrie-6 ianuarie).<\/li>\n<\/ul>\n<p><span style=\"color: #ff0000;\">ZILE \u015eI DATE IMPORTANTE<\/span><\/p>\n<ul>\n<li>Ziua Culturii Na\u0163ionale&nbsp;(joi, 15 ianuarie)<\/li>\n<li>Ziua Unirii Principatelor Rom\u00e2ne, s\u0103rb\u0103toare na\u0163ional\u0103&nbsp;(s\u00e2mb\u0103t\u0103, 24 ianuarie)<\/li>\n<li>Ziua De\u021binu\u021bilor Politici Anticomuni\u0219ti din perioada 1944-1989&nbsp;\u00een Rom\u00e2nia&nbsp;(luni, 9 martie)<\/li>\n<li>Ziua Unirii Basarabiei cu Rom\u00e2nia \u2013 1918, s\u0103rb\u0103toare na\u021bional\u0103&nbsp;(vineri, 27 martie)<\/li>\n<li>Duminica Femeilor cre\u0219tine&nbsp;(duminic\u0103, 26 aprilie)<\/li>\n<li>Ziua Independen\u0163ei Rom\u00e2niei \u2013 1877, a Victoriei antinaziste \u2013 1945 \u015fi a Europei \u2013 1950&nbsp;(s\u00e2mb\u0103t\u0103, 9 mai)<\/li>\n<li>10 Mai \u2013 s\u0103rb\u0103toare na\u0163ional\u0103&nbsp;(duminic\u0103, 10 mai)<\/li>\n<li>Ziua na\u0163ional\u0103 de cinstire a martirilor din temni\u0163ele comuniste&nbsp;(joi, 14 mai)<\/li>\n<li>Ziua na\u0163ional\u0103 a Familiei&nbsp;(duminic\u0103,&nbsp;17 mai)<\/li>\n<li>Duminica p\u0103rin\u0163ilor \u015fi copiilor&nbsp;(duminic\u0103, 7 iunie)<\/li>\n<li>Ziua drapelului na\u021bional&nbsp;(vineri, 26 iunie)<\/li>\n<li>Ziua imnului na\u021bional al Rom\u00e2niei&nbsp;(miercuri, 29 iulie)<\/li>\n<li>Ziua na\u021bional\u0103 pentru comemorarea martirilor Br\u00e2ncoveni \u0219i de con\u0219tientizare a violen\u021belor \u00eempotriva cre\u0219tinilor&nbsp;(duminic\u0103, 16 august)<\/li>\n<li>Duminica rom\u00e2nilor migran\u0163i&nbsp;(duminic\u0103, 16 august)<\/li>\n<li>Ziua Limbii Rom\u00e2ne (luni, 31 august)<\/li>\n<li>\u00cenceputul anului bisericesc;&nbsp;Ziua rug\u0103ciunii pentru mediu&nbsp;(mar\u021bi, 1 septembrie)<\/li>\n<li>Ziua Satului Rom\u00e2nesc&nbsp;(duminic\u0103, 27 septembrie)<\/li>\n<li>Ziua persoanelor v\u00e2rstnice&nbsp;(joi, 1 octombrie)<\/li>\n<li>Ziua Clerului Militar&nbsp;(luni, 26 octombrie)<\/li>\n<li>Ziua Bibliei&nbsp;(vineri, 13 noiembrie)<\/li>\n<li>Sfin\u021birea Altarului Catedralei Na\u021bionale&nbsp;\u2013 2018&nbsp;(miercuri, 25 noiembrie)<\/li>\n<li>Ziua na\u0163ional\u0103 a Rom\u00e2niei&nbsp;(mar\u021bi, 1 decembrie)<\/li>\n<\/ul>\n<p><span style=\"color: #ff0000;\">S\u0102RB\u0102TORI BISERICE\u015eTI NA\u0162IONALE<\/span><\/p>\n<ul>\n<li>\u00cen\u0103l\u021barea Domnului \u2013 Ziua Eroilor (joi, 21 mai)<\/li>\n<li>Sf\u00e2ntul Apostol Andrei cel \u00eent\u00e2i chemat, Ocrotitorul Rom\u00e2niei (luni, 30 noiembrie)<\/li>\n<\/ul>\n<p><span style=\"color: #ff0000;\">ZILE \u015eI S\u0102RB\u0102TORI LEGALE \u00ceN CARE NU SE LUCREAZ\u0102 \u00ceN ROM\u00c2NIA<\/span><\/p>\n<ul>\n<li>Anul Nou (joi, 1, \u0219i vineri, 2 ianuarie)<\/li>\n<li>Botezul Domnului (mar\u021bi, 6 ianuarie)<\/li>\n<li>Soborul Sf\u00e2ntului Proroc Ioan Botez\u0103torul (miercuri, 7 ianuarie)<\/li>\n<li>Ziua Unirii Principatelor Rom\u00e2ne (s\u00e2mb\u0103t\u0103, 24 ianuarie)<\/li>\n<li>Sf\u00e2nta \u0219i Marea Vineri (vineri, 10 aprilie)<\/li>\n<li>Prima \u0219i a doua zi de Pa\u0219ti (duminic\u0103, 12, \u015fi luni, 13 aprilie)&nbsp;<\/li>\n<li>S\u0103rb\u0103toarea interna\u021bional\u0103 a muncii (vineri, 1 mai)<\/li>\n<li>Ziua Copilului (luni, 1 iunie)<\/li>\n<li>Prima \u0219i a doua zi de Rusalii (duminic\u0103, 31 mai, \u015fi luni, 1 iunie)<\/li>\n<li>Adormirea Maicii Domnului (s\u00e2mb\u0103t\u0103, 15 august)<\/li>\n<li>Sf. Apostol Andrei cel \u00eent\u00e2i chemat, Ocrotitorul Rom\u00e2niei (luni, 30 noiembrie)<\/li>\n<li>Ziua Na\u021bional\u0103 a Rom\u00e2niei (mar\u021bi, 1 decembrie)<\/li>\n<li>Prima \u0219i a doua zi de Cr\u0103ciun (vineri, 25, \u0219i s\u00e2mb\u0103t\u0103, 26 decembrie)<\/li>\n<\/ul>\n<p><span style=\"color: #ff0000;\">NU SE FAC NUN\u0162I (\u00ceN ANUL 2026)<\/span><\/p>\n<ul>\n<li>\u00cen toate zilele de post \u015fi \u00een posturile de peste an;<\/li>\n<li>\u00een toate miercurile \u015fi vinerile;<\/li>\n<li>de luni dup\u0103 L\u0103satul secului de carne pentru Postul Sf. Apostol Toma inclusiv (16 februarie \u2013 19 aprilie);<\/li>\n<li>\u00een Postul Sfin\u0163ilor Apostoli Petru \u015fi Pavel (8 \u2013 28 iunie);<\/li>\n<li>\u00een Postul Adormirii Maicii Domnului (31 iulie \u2013 14 august);<\/li>\n<li>la T\u0103ierea Capului Sf\u00e2ntului Ioan Botez\u0103torul (29 august);<\/li>\n<li>\u00een Postul Na\u015fterii Domnului (15 noiembrie \u2013 24 decembrie);<\/li>\n<li>\u00een ajunul \u015fi \u00een zilele Praznicelor \u00cemp\u0103r\u0103te\u015fti (1 \u2013 2 februarie; 20 \u2013 21 mai; 30 mai \u2013 1 iunie; 15 august; 13 \u2013 14 &nbsp;septembrie);<\/li>\n<li>de la Cr\u0103ciun p\u00e2n\u0103 la Boboteaz\u0103 (25 decembrie \u2013 6 ianuarie).<\/li>\n<\/ul>\n<p><span style=\"color: #ff0000;\">NU SE FAC NUN\u0162I (\u00ceN ANUL 2027)<\/span><\/p>\n<ul>\n<li style=\"list-style-type: none;\">\n<ul>\n<li>\u00cen toate zilele de post \u015fi \u00een posturile de peste an;<\/li>\n<li>\u00een toate miercurile \u015fi vinerile;<\/li>\n<li>de luni dup\u0103 L\u0103satul secului de carne pentru Postul Sf. Pa\u015fti p\u00e2n\u0103 la Duminica Sf. Apostol Toma inclusiv (8 martie \u2013 &nbsp;9 mai);<\/li>\n<li>\u00een Postul Sfin\u0163ilor Apostoli Petru \u015fi Pavel (22 \u2013 28 iunie);<\/li>\n<li>\u00een Postul Adormirii Maicii Domnului (1 \u2013 14 august);<\/li>\n<li>la T\u0103ierea Capului Sf\u00e2ntului Ioan Botez\u0103torul (29 august);<\/li>\n<li>\u00een Postul Na\u015fterii Domnului (15 noiembrie \u2013 24 decembrie);<\/li>\n<li>\u00een ajunul \u015fi \u00een zilele Praznicelor \u00cemp\u0103r\u0103te\u015fti (1 \u2013 2 februarie; 9 \u2013 10 iunie; 19 \u2013 21 iunie; 15 august; 13 \u2013 14 septembrie);<\/li>\n<li>\u00een perioada de la Cr\u0103ciun p\u00e2n\u0103 la Boboteaz\u0103 (25 decembrie \u2013 6 ianua\u00adrie).<\/li>\n<\/ul>\n<\/li>\n<\/ul>\n<p>&nbsp;<\/p>\n<\/div>\n<p><a href=\"http:\/\/sfioanevanghelistul.ca\/wordpress\/wp-content\/uploads\/2023\/02\/Pascalia-1.jpg\"><img loading=\"lazy\" decoding=\"async\" class=\"aligncenter size-full wp-image-16767\" src=\"http:\/\/sfioanevanghelistul.ca\/wordpress\/wp-content\/uploads\/2023\/02\/Pascalia-1.jpg\" alt=\"\" width=\"1275\" height=\"1650\" srcset=\"http:\/\/sfioanevanghelistul.ca\/wordpress\/wp-content\/uploads\/2023\/02\/Pascalia-1.jpg 1275w, http:\/\/sfioanevanghelistul.ca\/wordpress\/wp-content\/uploads\/2023\/02\/Pascalia-1-232x300.jpg 232w, http:\/\/sfioanevanghelistul.ca\/wordpress\/wp-content\/uploads\/2023\/02\/Pascalia-1-791x1024.jpg 791w, http:\/\/sfioanevanghelistul.ca\/wordpress\/wp-content\/uploads\/2023\/02\/Pascalia-1-768x994.jpg 768w, http:\/\/sfioanevanghelistul.ca\/wordpress\/wp-content\/uploads\/2023\/02\/Pascalia-1-1187x1536.jpg 1187w\" sizes=\"auto, (max-width: 1275px) 100vw, 1275px\" \/><\/a><\/p>","protected":false},"excerpt":{"rendered":"<p>2026 ZILE DE POST \u015eI POSTURI DE PESTE AN Miercurile \u0219i vinerile de peste an (\u00een afar\u0103 de cele cu dezlegare, \u00eensemnate cu&nbsp;har\u021bi) Ajunul Bobotezei (luni, 5 ianuarie) T\u0103ierea Capului Sf\u00e2ntului Ioan Botez\u0103torul (s\u00e2mb\u0103t\u0103, 29 august) \u00cen\u0103l\u021barea Sfintei Cruci (luni, 14 septembrie) Postul Sfintelor Pa\u0219ti (luni, 23 februarie&nbsp;\u2013 s\u00e2mb\u0103t\u0103, 11 aprilie) Postul Sfin\u021bilor Apostoli Petru &hellip; <\/p>\n","protected":false},"author":3,"featured_media":0,"parent":0,"menu_order":3,"comment_status":"open","ping_status":"closed","template":"","meta":{"ngg_post_thumbnail":0,"footnotes":""},"class_list":["entry","page","publish","author-stefan","post-442"],"jetpack_sharing_enabled":true,"_links":{"self":[{"href":"http:\/\/sfioanevanghelistul.ca\/wordpress\/wp-json\/wp\/v2\/pages\/442","targetHints":{"allow":["GET"]}}],"collection":[{"href":"http:\/\/sfioanevanghelistul.ca\/wordpress\/wp-json\/wp\/v2\/pages"}],"about":[{"href":"http:\/\/sfioanevanghelistul.ca\/wordpress\/wp-json\/wp\/v2\/types\/page"}],"author":[{"embeddable":true,"href":"http:\/\/sfioanevanghelistul.ca\/wordpress\/wp-json\/wp\/v2\/users\/3"}],"replies":[{"embeddable":true,"href":"http:\/\/sfioanevanghelistul.ca\/wordpress\/wp-json\/wp\/v2\/comments?post=442"}],"version-history":[{"count":1,"href":"http:\/\/sfioanevanghelistul.ca\/wordpress\/wp-json\/wp\/v2\/pages\/442\/revisions"}],"predecessor-version":[{"id":17643,"href":"http:\/\/sfioanevanghelistul.ca\/wordpress\/wp-json\/wp\/v2\/pages\/442\/revisions\/17643"}],"wp:attachment":[{"href":"http:\/\/sfioanevanghelistul.ca\/wordpress\/wp-json\/wp\/v2\/media?parent=442"}],"curies":[{"name":"wp","href":"https:\/\/api.w.org\/{rel}","templated":true}]}}