{"id":205,"date":"2009-08-20T08:51:16","date_gmt":"2009-08-20T12:51:16","guid":{"rendered":"http:\/\/www.aceora.com\/biserica_aurora\/?page_id=205"},"modified":"2024-11-19T20:55:09","modified_gmt":"2024-11-20T01:55:09","slug":"stefan-dan-morariu","status":"publish","type":"page","link":"http:\/\/sfioanevanghelistul.ca\/wordpress\/biserica-noastra\/preotii-slujitori\/stefan-dan-morariu\/","title":{"rendered":"Pr. Iconom Stavrofor Dr. \u0218tefan Morariu"},"content":{"rendered":"<p><\/p>\n<p style=\"text-align: justify;\"><a href=\"http:\/\/sfioanevanghelistul.ca\/wordpress\/wp-content\/uploads\/2024\/11\/WhatsApp-Image-2024-11-12-at-00.28.02_942e7f4a.jpg\"><img loading=\"lazy\" decoding=\"async\" class=\"alignleft wp-image-17093 size-medium\" src=\"http:\/\/sfioanevanghelistul.ca\/wordpress\/wp-content\/uploads\/2024\/11\/WhatsApp-Image-2024-11-12-at-00.28.02_942e7f4a-232x300.jpg\" alt=\"\" width=\"232\" height=\"300\" srcset=\"http:\/\/sfioanevanghelistul.ca\/wordpress\/wp-content\/uploads\/2024\/11\/WhatsApp-Image-2024-11-12-at-00.28.02_942e7f4a-232x300.jpg 232w, http:\/\/sfioanevanghelistul.ca\/wordpress\/wp-content\/uploads\/2024\/11\/WhatsApp-Image-2024-11-12-at-00.28.02_942e7f4a-790x1024.jpg 790w, http:\/\/sfioanevanghelistul.ca\/wordpress\/wp-content\/uploads\/2024\/11\/WhatsApp-Image-2024-11-12-at-00.28.02_942e7f4a-768x995.jpg 768w, http:\/\/sfioanevanghelistul.ca\/wordpress\/wp-content\/uploads\/2024\/11\/WhatsApp-Image-2024-11-12-at-00.28.02_942e7f4a.jpg 1008w\" sizes=\"auto, (max-width: 232px) 100vw, 232px\" \/><\/a> N\u0103scut \u00een Bucure\u015fti, la data de 8 mai 1976, am urmat \u00een acela\u015fi ora\u015f cursurile liceale la Seminarul Teologic Ortodox, iar studiile superioare \u015fi de Master la Facultatea de Teologie Ortodox\u0103, promo\u0163ia 2001. \u00centre 2006 \u0219i 2008 am continuat cu doctoratul la Facultatea de Teologie Ortodox\u0103 din Constan\u0163a, care s-a concretizat \u00een anii 2020 &#8211; 2024 prin absolvirea \u201eMagna cum laude\u201d, \u00een cadrul Facult\u0103\u021bii de Teologie Ortodox\u0103 a Universit\u0103\u021bii \u201e1 decembrie 1918\u201d din Alba Iulia, sub conducerea Pr. Prof. Dr. Domin Adam, av\u00e2nd ca tem\u0103 \u201eStudiul vocal al c\u00e2ntului bisericesc \u0219i estetica slujirii\u201d.<\/p>\n<p style=\"text-align: justify;\">Din septembrie 2001, c\u00e2nd am fost hirotonit pentru Catedrala Arhiepiscopiei Tomisului din Constan\u0163a, slujesc ne\u00eentrerupt \u00een cadrul Bisericii Ortodoxe Rom\u00e2ne. Am \u00eembinat permanent slujirea Bisericii cu activitatea didactic\u0103, din 1997 fiind profesor de religie la \u0218coala Nr. 157 din Bucure\u015fti, din 2002 profesor de limba francez\u0103 la Seminarul Teologic Ortodox din Constan\u021ba, din 2003 asistent universitar la Facultatea de Teologie Ortodox\u0103 din Constan\u0163a, iar \u00een anul universitar 2022\/2023 profes\u00e2nd ca asistent la Catedra de Muzic\u0103 bisericeasc\u0103 \u0219i ritual, a Facult\u0103\u021bii de Teologie Ortodox\u0103 din Alba Iulia.<\/p>\n<p style=\"text-align: justify;\">Din iulie 2001 sunt c\u0103s\u0103torit cu Andreea Morariu \u015fi avem doi copii.<\/p>\n<p style=\"text-align: justify;\">Experien\u0163a acumulat\u0103 al\u0103turi de personalit\u0103\u0163i ale Bisericii \u015fi teologiei rom\u00e2ne\u015fti, precum \u015fi studiile efectuate, s-au materializat \u015fi continu\u0103 s\u0103 fie vizibile prin diverse articole \u015fi c\u0103r\u0163i publicate, precum \u201eAutoritatea bisericeasc\u0103 \u00een primele veacuri cre\u015ftine&#8221;, Editura BREN, Bucure\u015fti, 2007, \u201eLe minist\u00e8re des ordres hi\u00e9rarchiques au temps de l&#8217;\u00c9glise primaire\u201d, Cercet\u0103ri \u00een actualitate, Cluj Napoca, Editura Napoca Star, 2023 sau \u201eStudy on respiration and vocal emission in the art of church chant\u201d, Direc\u021bii \u0219i teme de cercetare \u00een teologia contemporan\u0103 2, Editura Re\u00eentregirea, Alba Iulia, 2022.<\/p>\n<p style=\"text-align: justify;\"><a href=\"http:\/\/sfioanevanghelistul.ca\/wordpress\/wp-content\/uploads\/2024\/11\/WhatsApp-Image-2024-11-12-at-00.41.20_6183b4d5.jpg\"><img loading=\"lazy\" decoding=\"async\" class=\"alignright wp-image-17094 size-medium\" src=\"http:\/\/sfioanevanghelistul.ca\/wordpress\/wp-content\/uploads\/2024\/11\/WhatsApp-Image-2024-11-12-at-00.41.20_6183b4d5-208x300.jpg\" alt=\"\" width=\"208\" height=\"300\" srcset=\"http:\/\/sfioanevanghelistul.ca\/wordpress\/wp-content\/uploads\/2024\/11\/WhatsApp-Image-2024-11-12-at-00.41.20_6183b4d5-208x300.jpg 208w, http:\/\/sfioanevanghelistul.ca\/wordpress\/wp-content\/uploads\/2024\/11\/WhatsApp-Image-2024-11-12-at-00.41.20_6183b4d5-709x1024.jpg 709w, http:\/\/sfioanevanghelistul.ca\/wordpress\/wp-content\/uploads\/2024\/11\/WhatsApp-Image-2024-11-12-at-00.41.20_6183b4d5-768x1109.jpg 768w, http:\/\/sfioanevanghelistul.ca\/wordpress\/wp-content\/uploads\/2024\/11\/WhatsApp-Image-2024-11-12-at-00.41.20_6183b4d5.jpg 988w\" sizes=\"auto, (max-width: 208px) 100vw, 208px\" \/><\/a>De asemenea, rezultatele activit\u0103\u0163ii pastoral-misionare se v\u0103desc prin contribu\u0163ia nepre\u0163uit\u0103 a preotului \u00eempreun\u0103 liturghisitor, Antonel Dumitru, \u015fi a credincio\u015filor de la bisericile \u00eenfiin\u021bate al\u0103turi de el: Parohia \u201eSfin\u0163ii Patruzeci de Mucenici din Sevastia\u201d, \u00een Aurora, Ontario, unde am slujit \u00eentre august 2009 \u0219i martie 2015, \u0219i Parohia \u201eSfin\u021bii Arhangheli Mihail si Gavriil\u201d din Niagara Falls, Ontario, deschis\u0103 \u00een martie 2010. \u00cempreun\u0103-slujirea \u0219i pastora\u021bia continu\u0103 rodnic din martie 2015 la Parohia \u201eSf\u00e2ntul Ioan Evanghelistul\u201d din Toronto, Ontario, sub omoforul \u00cenalt Prea Sfin\u0163itului P\u0103rinte Arhiepiscop Nathaniel al Episcopiei Ortodoxe Rom\u00e2ne din America.<\/p>\n<p><\/p>","protected":false},"excerpt":{"rendered":"<p>N\u0103scut \u00een Bucure\u015fti, la data de 8 mai 1976, am urmat \u00een acela\u015fi ora\u015f cursurile liceale la Seminarul Teologic Ortodox, iar studiile superioare \u015fi de Master la Facultatea de Teologie Ortodox\u0103, promo\u0163ia 2001. \u00centre 2006 \u0219i 2008 am continuat cu doctoratul la Facultatea de Teologie Ortodox\u0103 din Constan\u0163a, care s-a concretizat \u00een anii 2020 &#8211; &hellip; <\/p>\n","protected":false},"author":3,"featured_media":0,"parent":203,"menu_order":0,"comment_status":"open","ping_status":"closed","template":"","meta":{"ngg_post_thumbnail":0,"footnotes":""},"class_list":["entry","page","publish","author-stefan","post-205"],"jetpack_sharing_enabled":true,"_links":{"self":[{"href":"http:\/\/sfioanevanghelistul.ca\/wordpress\/wp-json\/wp\/v2\/pages\/205","targetHints":{"allow":["GET"]}}],"collection":[{"href":"http:\/\/sfioanevanghelistul.ca\/wordpress\/wp-json\/wp\/v2\/pages"}],"about":[{"href":"http:\/\/sfioanevanghelistul.ca\/wordpress\/wp-json\/wp\/v2\/types\/page"}],"author":[{"embeddable":true,"href":"http:\/\/sfioanevanghelistul.ca\/wordpress\/wp-json\/wp\/v2\/users\/3"}],"replies":[{"embeddable":true,"href":"http:\/\/sfioanevanghelistul.ca\/wordpress\/wp-json\/wp\/v2\/comments?post=205"}],"version-history":[{"count":1,"href":"http:\/\/sfioanevanghelistul.ca\/wordpress\/wp-json\/wp\/v2\/pages\/205\/revisions"}],"predecessor-version":[{"id":17105,"href":"http:\/\/sfioanevanghelistul.ca\/wordpress\/wp-json\/wp\/v2\/pages\/205\/revisions\/17105"}],"up":[{"embeddable":true,"href":"http:\/\/sfioanevanghelistul.ca\/wordpress\/wp-json\/wp\/v2\/pages\/203"}],"wp:attachment":[{"href":"http:\/\/sfioanevanghelistul.ca\/wordpress\/wp-json\/wp\/v2\/media?parent=205"}],"curies":[{"name":"wp","href":"https:\/\/api.w.org\/{rel}","templated":true}]}}