{"id":2021,"date":"2011-05-19T20:18:19","date_gmt":"2011-05-19T20:18:19","guid":{"rendered":"http:\/\/www.bisericaortodoxaaurora.com\/?page_id=2021"},"modified":"2015-07-06T02:28:39","modified_gmt":"2015-07-06T02:28:39","slug":"rugaciunea-celor-ce-se-casatoresc","status":"publish","type":"page","link":"http:\/\/sfioanevanghelistul.ca\/wordpress\/sf-antonie-cel-mare\/rugaciunea-celor-ce-se-casatoresc\/","title":{"rendered":"Rug\u0103ciunea celor ce se c\u0103s\u0103toresc"},"content":{"rendered":"<p>Stapane, Doamne Dumnezeul nostru, Sfintitorul nuntii celei de taina  si preacurate, Pazitorul nestricaciunii si Chivernisitorul cel bun al  celor lumesti, Cela ce din inceput ai zidit pe om si l-ai pus ca pe un  imparat fapturii si ai zis : Nu este bine sa fie omul singur, sa-i facem  ajutor potrivit pentru el si, pentru aceasta, ai poruncit sa lase omul  pe tatal sau si pe mama sa si sa se lipeasca de sotia sa (sotul sau) si  sa fie amandoi un, trup, iar pe care Dumnezeu i-a unit, omul sa nu-i  desparta ; insuti Stapane, trimite darul Tau cel ceresc si peste mine  nevrednicul robul Tau (nevrednica roaba Ta) si binecuvinteaza casatoria  pe care astazi o leg inaintea fetei Tale. Curateste toate pacatele mele,  iarta-mi toate faradelegile, dezleaga-mi toate greselile cele ,de voie  ,si cele fara de voie ; uneste gandurile, cugetele si inimile noastre in  dragoste nefatarnica si in credinta nestramutata ; indrepteaza pasii  nostri pe cararile Tale, pentru ca sa implmim pururea voia Ta cea  sfanta. Umple casa noastra de toate bunatatile cele de pe pamant si ne  invredniceste sa petrecem impreuna vietuirea noastra fara de prihana, ca  sa sporim spre tot lucrul bun, de folos Patriei si Tie bineplacut.  Pazeste-ne intru toate zilele vietii noastre, ca sa plinim cu inima  curata poruncile Tale si sa laudam si sa preamarim Preacmstitul si de  mare cuviinta numele Tau, al Tatalui si al Fiului si al Sfantului Duh,  acum si pururea si in vecii vecilor. Amin.<\/p>","protected":false},"excerpt":{"rendered":"<p>Stapane, Doamne Dumnezeul nostru, Sfintitorul nuntii celei de taina si preacurate, Pazitorul nestricaciunii si Chivernisitorul cel bun al celor lumesti, Cela ce din inceput ai zidit pe om si l-ai pus ca pe un imparat fapturii si ai zis : Nu este bine sa fie omul singur, sa-i facem ajutor potrivit pentru el si, pentru &hellip; <\/p>\n","protected":false},"author":3,"featured_media":0,"parent":45,"menu_order":9,"comment_status":"open","ping_status":"closed","template":"","meta":{"ngg_post_thumbnail":0,"footnotes":""},"class_list":["entry","page","publish","author-stefan","post-2021"],"jetpack_sharing_enabled":true,"_links":{"self":[{"href":"http:\/\/sfioanevanghelistul.ca\/wordpress\/wp-json\/wp\/v2\/pages\/2021","targetHints":{"allow":["GET"]}}],"collection":[{"href":"http:\/\/sfioanevanghelistul.ca\/wordpress\/wp-json\/wp\/v2\/pages"}],"about":[{"href":"http:\/\/sfioanevanghelistul.ca\/wordpress\/wp-json\/wp\/v2\/types\/page"}],"author":[{"embeddable":true,"href":"http:\/\/sfioanevanghelistul.ca\/wordpress\/wp-json\/wp\/v2\/users\/3"}],"replies":[{"embeddable":true,"href":"http:\/\/sfioanevanghelistul.ca\/wordpress\/wp-json\/wp\/v2\/comments?post=2021"}],"version-history":[{"count":1,"href":"http:\/\/sfioanevanghelistul.ca\/wordpress\/wp-json\/wp\/v2\/pages\/2021\/revisions"}],"predecessor-version":[{"id":7351,"href":"http:\/\/sfioanevanghelistul.ca\/wordpress\/wp-json\/wp\/v2\/pages\/2021\/revisions\/7351"}],"up":[{"embeddable":true,"href":"http:\/\/sfioanevanghelistul.ca\/wordpress\/wp-json\/wp\/v2\/pages\/45"}],"wp:attachment":[{"href":"http:\/\/sfioanevanghelistul.ca\/wordpress\/wp-json\/wp\/v2\/media?parent=2021"}],"curies":[{"name":"wp","href":"https:\/\/api.w.org\/{rel}","templated":true}]}}