{"id":1998,"date":"2011-05-11T20:17:08","date_gmt":"2011-05-11T17:17:08","guid":{"rendered":"http:\/\/www.bisericaortodoxaaurora.com\/?page_id=1998"},"modified":"2018-11-19T11:57:57","modified_gmt":"2018-11-19T16:57:57","slug":"masa-comunitara","status":"publish","type":"page","link":"http:\/\/sfioanevanghelistul.ca\/wordpress\/activitati\/masa-comunitara\/","title":{"rendered":"Masa comunitar\u0103"},"content":{"rendered":"<p><\/p>\n<p style=\"text-align: justify;\"><strong><a href=\"http:\/\/sfioanevanghelistul.ca\/wordpress\/wp-content\/uploads\/2018\/11\/DSC_0279.jpg\"><img loading=\"lazy\" decoding=\"async\" class=\"wp-image-13596 alignright\" src=\"http:\/\/sfioanevanghelistul.ca\/wordpress\/wp-content\/uploads\/2018\/11\/DSC_0279.jpg\" alt=\"\" width=\"400\" height=\"264\" srcset=\"http:\/\/sfioanevanghelistul.ca\/wordpress\/wp-content\/uploads\/2018\/11\/DSC_0279.jpg 4738w, http:\/\/sfioanevanghelistul.ca\/wordpress\/wp-content\/uploads\/2018\/11\/DSC_0279-300x198.jpg 300w\" sizes=\"auto, (max-width: 400px) 100vw, 400px\" \/><\/a>La biserica &#8222;Sf\u00e2ntul Ioan Evanghelistul&#8221; a devenit un obicei&nbsp;organizarea meselor comunitare.<\/strong><\/p>\n<p style=\"text-align: justify;\"><strong>Duminica, dup\u0103 Sf\u00e2nta Liturghie, preo\u0163ii slujitori \u015fi enoria\u015fii r\u0103m\u00e2n \u00een&nbsp;sala bisericii pentru a&nbsp;beneficia de o nou\u0103 ocazie de comuniune \u015fi de re\u00eemprosp\u0103tare a resurselor de tr\u0103ire rom\u00e2neasc\u0103 aici, departe de \u0162ara Mam\u0103.<\/strong><\/p>\n<p style=\"text-align: justify;\"><strong>Mesele comunitare sunt, de asemenea, bune prilejuri de jertfelnicie, mul\u0163i dintre enoria\u015fii bisericii noastre profit\u00e2nd de aceste ocazii pentru a aduce mul\u0163umire Domnului pentru binecuv\u00e2nt\u0103rile de care s\u2011au \u00eenvrednicit.<\/strong><\/p>\n<p style=\"text-align: justify;\">&nbsp;<\/p>\n<p><\/p>","protected":false},"excerpt":{"rendered":"<p>La biserica &#8222;Sf\u00e2ntul Ioan Evanghelistul&#8221; a devenit un obicei&nbsp;organizarea meselor comunitare. Duminica, dup\u0103 Sf\u00e2nta Liturghie, preo\u0163ii slujitori \u015fi enoria\u015fii r\u0103m\u00e2n \u00een&nbsp;sala bisericii pentru a&nbsp;beneficia de o nou\u0103 ocazie de comuniune \u015fi de re\u00eemprosp\u0103tare a resurselor de tr\u0103ire rom\u00e2neasc\u0103 aici, departe de \u0162ara Mam\u0103. Mesele comunitare sunt, de asemenea, bune prilejuri de jertfelnicie, mul\u0163i dintre enoria\u015fii &hellip; <\/p>\n","protected":false},"author":3,"featured_media":0,"parent":1990,"menu_order":2,"comment_status":"open","ping_status":"open","template":"","meta":{"ngg_post_thumbnail":0,"footnotes":""},"class_list":["entry","page","publish","author-stefan","post-1998"],"jetpack_sharing_enabled":true,"_links":{"self":[{"href":"http:\/\/sfioanevanghelistul.ca\/wordpress\/wp-json\/wp\/v2\/pages\/1998","targetHints":{"allow":["GET"]}}],"collection":[{"href":"http:\/\/sfioanevanghelistul.ca\/wordpress\/wp-json\/wp\/v2\/pages"}],"about":[{"href":"http:\/\/sfioanevanghelistul.ca\/wordpress\/wp-json\/wp\/v2\/types\/page"}],"author":[{"embeddable":true,"href":"http:\/\/sfioanevanghelistul.ca\/wordpress\/wp-json\/wp\/v2\/users\/3"}],"replies":[{"embeddable":true,"href":"http:\/\/sfioanevanghelistul.ca\/wordpress\/wp-json\/wp\/v2\/comments?post=1998"}],"version-history":[{"count":1,"href":"http:\/\/sfioanevanghelistul.ca\/wordpress\/wp-json\/wp\/v2\/pages\/1998\/revisions"}],"predecessor-version":[{"id":13599,"href":"http:\/\/sfioanevanghelistul.ca\/wordpress\/wp-json\/wp\/v2\/pages\/1998\/revisions\/13599"}],"up":[{"embeddable":true,"href":"http:\/\/sfioanevanghelistul.ca\/wordpress\/wp-json\/wp\/v2\/pages\/1990"}],"wp:attachment":[{"href":"http:\/\/sfioanevanghelistul.ca\/wordpress\/wp-json\/wp\/v2\/media?parent=1998"}],"curies":[{"name":"wp","href":"https:\/\/api.w.org\/{rel}","templated":true}]}}