{"id":1991,"date":"2011-05-11T20:06:13","date_gmt":"2011-05-11T17:06:13","guid":{"rendered":"http:\/\/www.bisericaortodoxaaurora.com\/?page_id=1991"},"modified":"2018-11-19T10:49:23","modified_gmt":"2018-11-19T15:49:23","slug":"dialog-duhovnicesc","status":"publish","type":"page","link":"http:\/\/sfioanevanghelistul.ca\/wordpress\/en\/activitati\/dialog-duhovnicesc\/","title":{"rendered":"Spiritual Dialogue"},"content":{"rendered":"<p><\/p>\n<div id=\"_mcePaste\" style=\"text-align: justify;\"><strong>S<a href=\"http:\/\/sfioanevanghelistul.ca\/wordpress\/wp-content\/uploads\/2018\/11\/Photo0017.jpg\"><img loading=\"lazy\" decoding=\"async\" class=\"wp-image-13593 alignright\" src=\"http:\/\/sfioanevanghelistul.ca\/wordpress\/wp-content\/uploads\/2018\/11\/Photo0017.jpg\" alt=\"\" width=\"394\" height=\"296\" srcset=\"http:\/\/sfioanevanghelistul.ca\/wordpress\/wp-content\/uploads\/2018\/11\/Photo0017.jpg 2048w, http:\/\/sfioanevanghelistul.ca\/wordpress\/wp-content\/uploads\/2018\/11\/Photo0017-300x225.jpg 300w\" sizes=\"auto, (max-width: 394px) 100vw, 394px\" \/><\/a>erile sau dialogurile duhovnice\u0219ti au un rol deosebit de important \u00een via\u021ba unei comunit\u0103\u021bi parohiale, deoarece \u00een cadrul lor, preo\u021bii slujitori expun teme diverse, centrate pe \u00eenv\u0103\u021b\u0103tura de credin\u021b\u0103 a Bisericii Ortodoxe, ajut\u00e2nd \u0219i \u00eendemn\u00e2ndu-i pe credincio\u0219i la o \u00een\u021belegere mai clar\u0103 \u0219i necesar\u0103 a spiritualit\u0103\u021bii ortodoxe. De fiecare dat\u0103, ele vor fi precedate de citirea unui Acatist, \u00eenso\u021bind rug\u0103ciunea cu \u00eenv\u0103\u021b\u0103tura de credin\u021b\u0103.<\/strong><\/div>\n<div id=\"_mcePaste\" style=\"text-align: justify;\"><strong>A\u0219adar, v\u0103 a\u0219tept\u0103m miercuri, la sf\u00e2r\u0219itul fiec\u0103rei luni, de la ora 7 pm, pentru \u00eempreun\u0103 \u00eembun\u0103t\u0103\u021bire duhovniceasc\u0103.<\/strong><\/div>\n<p style=\"text-align: center;\">&nbsp;<\/p>\n<p><\/p>","protected":false},"excerpt":{"rendered":"<p>Serile sau dialogurile duhovnice\u0219ti au un rol deosebit de important \u00een via\u021ba unei comunit\u0103\u021bi parohiale, deoarece \u00een cadrul lor, preo\u021bii slujitori expun teme diverse, centrate pe \u00eenv\u0103\u021b\u0103tura de credin\u021b\u0103 a Bisericii Ortodoxe, ajut\u00e2nd \u0219i \u00eendemn\u00e2ndu-i pe credincio\u0219i la o \u00een\u021belegere mai clar\u0103 \u0219i necesar\u0103 a spiritualit\u0103\u021bii ortodoxe. De fiecare dat\u0103, ele vor fi precedate de &hellip; <\/p>\n","protected":false},"author":3,"featured_media":0,"parent":1990,"menu_order":1,"comment_status":"open","ping_status":"open","template":"","meta":{"ngg_post_thumbnail":0,"footnotes":""},"class_list":["entry","page","publish","author-stefan","post-1991"],"jetpack_sharing_enabled":true,"_links":{"self":[{"href":"http:\/\/sfioanevanghelistul.ca\/wordpress\/en\/wp-json\/wp\/v2\/pages\/1991","targetHints":{"allow":["GET"]}}],"collection":[{"href":"http:\/\/sfioanevanghelistul.ca\/wordpress\/en\/wp-json\/wp\/v2\/pages"}],"about":[{"href":"http:\/\/sfioanevanghelistul.ca\/wordpress\/en\/wp-json\/wp\/v2\/types\/page"}],"author":[{"embeddable":true,"href":"http:\/\/sfioanevanghelistul.ca\/wordpress\/en\/wp-json\/wp\/v2\/users\/3"}],"replies":[{"embeddable":true,"href":"http:\/\/sfioanevanghelistul.ca\/wordpress\/en\/wp-json\/wp\/v2\/comments?post=1991"}],"version-history":[{"count":1,"href":"http:\/\/sfioanevanghelistul.ca\/wordpress\/en\/wp-json\/wp\/v2\/pages\/1991\/revisions"}],"predecessor-version":[{"id":13594,"href":"http:\/\/sfioanevanghelistul.ca\/wordpress\/en\/wp-json\/wp\/v2\/pages\/1991\/revisions\/13594"}],"up":[{"embeddable":true,"href":"http:\/\/sfioanevanghelistul.ca\/wordpress\/en\/wp-json\/wp\/v2\/pages\/1990"}],"wp:attachment":[{"href":"http:\/\/sfioanevanghelistul.ca\/wordpress\/en\/wp-json\/wp\/v2\/media?parent=1991"}],"curies":[{"name":"wp","href":"https:\/\/api.w.org\/{rel}","templated":true}]}}