{"id":1990,"date":"2011-05-11T20:03:06","date_gmt":"2011-05-11T17:03:06","guid":{"rendered":"http:\/\/www.bisericaortodoxaaurora.com\/?page_id=1990"},"modified":"2025-11-25T13:20:54","modified_gmt":"2025-11-25T18:20:54","slug":"activitati","status":"publish","type":"page","link":"http:\/\/sfioanevanghelistul.ca\/wordpress\/activitati\/","title":{"rendered":"Activit\u0103\u021bi"},"content":{"rendered":"<p><\/p>\n<p style=\"text-align: justify;\"><strong><img loading=\"lazy\" decoding=\"async\" class=\"alignright\" src=\"http:\/\/www.ceicunoi.ro\/wp-content\/uploads\/2015\/07\/fresca-petru-voda.jpg\" alt=\"\" width=\"400\" height=\"300\">Biserica noastr\u0103 vine \u00een \u00eent\u00e2mpinarea comunit\u0103\u0163ii prin diferite programe \u015fi activit\u0103\u0163i. Avem \u00een vedere toate categoriile de v\u00e2rst\u0103 \u015fi dorim s\u0103 abord\u0103m c\u00e2t mai multe teme specifice acestora. <\/strong><\/p>\n<p style=\"text-align: justify;\"><strong>Prin Biseric\u0103 ne organiz\u0103m via\u0163a religioas\u0103 dar \u015fi comportamentul social \u00een familie \u015fi \u00een afara ei. \u00cen Biseric\u0103 trebuie s\u0103 g\u0103sim r\u0103spunsul la \u00eentreb\u0103rile existen\u0163iale sau chiar cotidiene. Biserica ne ajut\u0103 s\u0103 p\u0103str\u0103m tradi\u0163iile rom\u00e2ne\u015fti, limba, cultura \u015fi folclorul. <\/strong><\/p>\n<p style=\"text-align: justify;\"><strong>To\u0163i credincio\u015fii pot veni cu \u00eencredere la sfintele slujbe dar \u015fi la activit\u0103\u0163ile desf\u0103\u015furate de Biseric\u0103. Se vor reg\u0103si cu siguran\u0163\u0103, orice ar c\u0103uta. <\/strong><\/p>\n<p><\/p>","protected":false},"excerpt":{"rendered":"<p>Biserica noastr\u0103 vine \u00een \u00eent\u00e2mpinarea comunit\u0103\u0163ii prin diferite programe \u015fi activit\u0103\u0163i. Avem \u00een vedere toate categoriile de v\u00e2rst\u0103 \u015fi dorim s\u0103 abord\u0103m c\u00e2t mai multe teme specifice acestora. Prin Biseric\u0103 ne organiz\u0103m via\u0163a religioas\u0103 dar \u015fi comportamentul social \u00een familie \u015fi \u00een afara ei. \u00cen Biseric\u0103 trebuie s\u0103 g\u0103sim r\u0103spunsul la \u00eentreb\u0103rile existen\u0163iale sau chiar &hellip; <\/p>\n","protected":false},"author":3,"featured_media":0,"parent":0,"menu_order":6,"comment_status":"open","ping_status":"open","template":"","meta":{"ngg_post_thumbnail":0,"footnotes":""},"class_list":["entry","page","publish","author-stefan","post-1990"],"jetpack_sharing_enabled":true,"_links":{"self":[{"href":"http:\/\/sfioanevanghelistul.ca\/wordpress\/wp-json\/wp\/v2\/pages\/1990","targetHints":{"allow":["GET"]}}],"collection":[{"href":"http:\/\/sfioanevanghelistul.ca\/wordpress\/wp-json\/wp\/v2\/pages"}],"about":[{"href":"http:\/\/sfioanevanghelistul.ca\/wordpress\/wp-json\/wp\/v2\/types\/page"}],"author":[{"embeddable":true,"href":"http:\/\/sfioanevanghelistul.ca\/wordpress\/wp-json\/wp\/v2\/users\/3"}],"replies":[{"embeddable":true,"href":"http:\/\/sfioanevanghelistul.ca\/wordpress\/wp-json\/wp\/v2\/comments?post=1990"}],"version-history":[{"count":1,"href":"http:\/\/sfioanevanghelistul.ca\/wordpress\/wp-json\/wp\/v2\/pages\/1990\/revisions"}],"predecessor-version":[{"id":17429,"href":"http:\/\/sfioanevanghelistul.ca\/wordpress\/wp-json\/wp\/v2\/pages\/1990\/revisions\/17429"}],"wp:attachment":[{"href":"http:\/\/sfioanevanghelistul.ca\/wordpress\/wp-json\/wp\/v2\/media?parent=1990"}],"curies":[{"name":"wp","href":"https:\/\/api.w.org\/{rel}","templated":true}]}}