{"id":17425,"date":"2025-11-25T12:57:03","date_gmt":"2025-11-25T17:57:03","guid":{"rendered":"https:\/\/sfioanevanghelistul.ca\/wordpress\/?page_id=17425"},"modified":"2025-11-25T16:17:38","modified_gmt":"2025-11-25T21:17:38","slug":"membrie","status":"publish","type":"page","link":"http:\/\/sfioanevanghelistul.ca\/wordpress\/membrie\/","title":{"rendered":"Membrie"},"content":{"rendered":"<p><\/p>\n<p style=\"text-align: justify;\">Sf\u00e2nta Scriptur\u0103 ne \u00eenva\u021b\u0103 \u00een repetate r\u00e2nduri c\u0103 fiecare dintre credincio\u0219i este un membru individual al comunit\u0103\u021bii Bisericii, cu felurite drepturi \u0219i \u00eendatoriri, la fel cum trupurile noastre sunt alc\u0103tuite din diferite membre \u0219i organe. Sf\u00e2ntul Apostol Pavel explic\u0103 aceasta celor din cetatea Romei, spun\u00e2nd c\u0103 precum \u00eentr-un singur trup avem multe membre, \u0219i toate membrele nu au aceea\u0219i func\u021bie, tot a\u0219a \u0219i noi, de\u0219i suntem mul\u021bi, suntem un singur trup \u00een Hristos \u0219i, fiecare \u00een parte, suntem membri unii altora. (Romani 12, 4-5).<br \/>\nApartenen\u021ba la o biseric\u0103 ofer\u0103 fiec\u0103rui credincios protec\u021bia \u0219i \u00eendrumarea din partea p\u0103storilor acelei biserici, dup\u0103 cum ne descoper\u0103 tot Sf\u00e2ntul Apostol Pavel: \u201eAsculta\u0163i pe mai-marii vo\u015ftri \u015fi v\u0103 supune\u0163i lor, fiindc\u0103 ei privegheaz\u0103 pentru sufletele voastre, av\u00e2nd s\u0103 dea seam\u0103 de ele, ca s\u0103 fac\u0103 aceasta cu bucurie \u015fi nu suspin\u00e2nd, c\u0103ci aceasta nu v-ar fi de folos\u201d (Evrei 13, 17).<br \/>\nDe asemenea, atunci c\u00e2nd e\u0219ti membru al unei biserici \u00ee\u021bi asumi \u00een fa\u021ba lumii credin\u021ba \u0219i \u00eenv\u0103\u021b\u0103tura cre\u0219tin\u0103, ca urma\u0219 al lui Hristos, dup\u0103 cum El \u00censu\u0219i a spus: \u201eC\u0103ci de cel ce se va ru\u015fina de Mine \u015fi de cuvintele Mele, \u00een neamul acesta desfr\u00e2nat \u015fi p\u0103c\u0103tos, \u015fi Fiul Omului Se va ru\u015fina de el, c\u00e2nd va veni \u00eentru slava Tat\u0103lui s\u0103u cu sfin\u0163ii \u00eengeri\u201d (Marcu 8,38).<br \/>\nSprijinul financiar este vital pentru via\u021ba unei biserici, d\u0103ruirea av\u00e2nd r\u0103d\u0103cini puternice \u00een Biblie. \u00cen Vechiul Testament, oamenii d\u0103ruiau o zecime din veniturile lor pentru a-\u0219i sus\u021bine comunitatea religioas\u0103, iar Noul Testament ne \u00eenva\u021b\u0103 c\u0103 d\u0103ruirea trebuie s\u0103 fie voluntar\u0103 \u0219i plin\u0103 de bucurie, ca o modalitate de a ar\u0103ta credin\u021ba \u0219i de a sus\u021bine lucrarea lui Dumnezeu.<br \/>\nCosturile opera\u021bionale ale func\u021bion\u0103rii unei biserici includ \u00eentre\u021binerea cl\u0103dirilor, a terenului \u0219i utilit\u0103\u021bile, precum cur\u0103\u021benia, \u00eenc\u0103lzirea \u0219i iluminatul, pentru a men\u021bine spa\u021biul primitor \u0219i func\u021bional.<br \/>\nPreotul, de multe ori al\u0103turi de diacon, c\u00e2nt\u0103re\u021b sau paracliser, lucreaz\u0103 cu norm\u0103 \u00eentreag\u0103 pentru a desf\u0103\u0219ura \u00een cele mai bune condi\u021biuni activit\u0103\u021bile parohiei, aceste func\u021bii trebuind pl\u0103tite pentru munca prestat\u0103.<br \/>\nProgramele sociale \u0219i educa\u021bionale ale bisericii, cum ar fi \u0219coala duminical\u0103 \u0219i activit\u0103\u021bile comunitare, necesit\u0103 materiale \u0219i, uneori, personal suplimentar.<br \/>\nSemnifica\u021bia contribu\u021biilor c\u0103tre biseric\u0103 dep\u0103\u0219e\u0219te nevoile financiare imediate. Prin sprijinirea bisericii, membrii joac\u0103 un rol esen\u021bial \u00een misiuni umanitare \u0219i educa\u021bionale mai ample. Biserica reprezint\u0103 adesea un far de speran\u021b\u0103 \u0219i sprijin \u00een perioade de criz\u0103, oferind ajutor celor afecta\u021bi de dezastre naturale sau de r\u0103zboi \u0219i multe altele. Aceste eforturi demonstreaz\u0103 rolul bisericii nu doar ca loc de cult, ci \u0219i ca parte vital\u0103 a structurii sociale care r\u0103spunde provoc\u0103rilor cu compasiune \u0219i asisten\u021b\u0103 practic\u0103.<br \/>\nC\u00e2nd membrii bisericii doneaz\u0103 bani, ei de fapt investesc \u00een propria lor comunitate sau familie, acest lucru ajut\u00e2nd biserica s\u0103 r\u0103m\u00e2n\u0103 un loc primitor pentru rug\u0103ciune \u0219i \u00eentrajutorare, construind o institu\u021bie religioas\u0103 stabil\u0103 \u0219i puternic\u0103.<br \/>\nFondurile bisericii contribuie la crearea unui mediu propice pentru formarea viitorilor lideri \u0219i g\u00e2nditori, oameni de baz\u0103 ai societ\u0103\u021bii. Prin programe pentru tineri, burse \u0219i ini\u021biative educa\u021bionale, bisericile investesc \u00een tinerii care vor modela viitorul comunit\u0103\u021bilor lor \u0219i nu numai. Acest accent pus pe \u00eemputernicirea tinerilor contribuie la asigurarea faptului c\u0103 valorile \u0219i \u00eenv\u0103\u021b\u0103turile bisericii vor continua s\u0103 influen\u021beze genera\u021biile viitoare.<\/p>\n<p style=\"text-align: justify;\">Mul\u021bumind tuturor pentru generozitate, v\u0103 rug\u0103m s\u0103 sprijini\u021bi \u00een continuare biserica noastr\u0103 prin dona\u021bii \u0219i membria anual\u0103, pe care le pute\u021bi oferi direct la biseric\u0103 sau online, prin Interac e-Transfer la sfioanevanghelistul@outlook.com.<\/p>\n<p style=\"text-align: justify;\" data-pm-slice=\"1 1 []\"><strong>Valoarea membriei este 200 CAD de persoan\u0103 (150 CAD pentru pensionari).<\/strong><\/p>\n<p style=\"text-align: justify;\">Dumnezeu s\u0103 v\u0103 r\u0103spl\u0103teasc\u0103 \u0219i s\u0103 v\u0103 d\u0103ruiasc\u0103 s\u0103n\u0103tate!<\/p>\n<p style=\"text-align: center;\"><strong>Cerere de membru al parohiei<\/strong><br \/>\n<strong>Pag. 1<\/strong><\/p>\n<p style=\"text-align: center;\"><a href=\"http:\/\/sfioanevanghelistul.ca\/wordpress\/wp-content\/uploads\/2021\/03\/Untitled-1-1.jpg\"><img loading=\"lazy\" decoding=\"async\" class=\"size-full wp-image-15988 aligncenter\" src=\"http:\/\/sfioanevanghelistul.ca\/wordpress\/wp-content\/uploads\/2021\/03\/Untitled-1-1.jpg\" alt=\"\" width=\"1869\" height=\"2418\" srcset=\"http:\/\/sfioanevanghelistul.ca\/wordpress\/wp-content\/uploads\/2021\/03\/Untitled-1-1.jpg 1869w, http:\/\/sfioanevanghelistul.ca\/wordpress\/wp-content\/uploads\/2021\/03\/Untitled-1-1-232x300.jpg 232w, http:\/\/sfioanevanghelistul.ca\/wordpress\/wp-content\/uploads\/2021\/03\/Untitled-1-1-792x1024.jpg 792w, http:\/\/sfioanevanghelistul.ca\/wordpress\/wp-content\/uploads\/2021\/03\/Untitled-1-1-768x994.jpg 768w, http:\/\/sfioanevanghelistul.ca\/wordpress\/wp-content\/uploads\/2021\/03\/Untitled-1-1-1187x1536.jpg 1187w, http:\/\/sfioanevanghelistul.ca\/wordpress\/wp-content\/uploads\/2021\/03\/Untitled-1-1-1583x2048.jpg 1583w\" sizes=\"auto, (max-width: 1869px) 100vw, 1869px\" \/><\/a><strong>Cerere de membru al parohiei<\/strong><br \/>\n<strong>Pag. 2<\/strong><\/p>\n<p style=\"text-align: justify;\"><a href=\"http:\/\/sfioanevanghelistul.ca\/wordpress\/wp-content\/uploads\/2021\/03\/Untitled-2.jpg\"><img loading=\"lazy\" decoding=\"async\" class=\"aligncenter size-full wp-image-15989\" src=\"http:\/\/sfioanevanghelistul.ca\/wordpress\/wp-content\/uploads\/2021\/03\/Untitled-2.jpg\" alt=\"\" width=\"1868\" height=\"2419\" srcset=\"http:\/\/sfioanevanghelistul.ca\/wordpress\/wp-content\/uploads\/2021\/03\/Untitled-2.jpg 1868w, http:\/\/sfioanevanghelistul.ca\/wordpress\/wp-content\/uploads\/2021\/03\/Untitled-2-232x300.jpg 232w, http:\/\/sfioanevanghelistul.ca\/wordpress\/wp-content\/uploads\/2021\/03\/Untitled-2-791x1024.jpg 791w, http:\/\/sfioanevanghelistul.ca\/wordpress\/wp-content\/uploads\/2021\/03\/Untitled-2-768x995.jpg 768w, http:\/\/sfioanevanghelistul.ca\/wordpress\/wp-content\/uploads\/2021\/03\/Untitled-2-1186x1536.jpg 1186w, http:\/\/sfioanevanghelistul.ca\/wordpress\/wp-content\/uploads\/2021\/03\/Untitled-2-1582x2048.jpg 1582w\" sizes=\"auto, (max-width: 1868px) 100vw, 1868px\" \/><\/a><\/p>\n<p style=\"text-align: justify;\">&nbsp;<\/p>\n<p><\/p>","protected":false},"excerpt":{"rendered":"<p>Sf\u00e2nta Scriptur\u0103 ne \u00eenva\u021b\u0103 \u00een repetate r\u00e2nduri c\u0103 fiecare dintre credincio\u0219i este un membru individual al comunit\u0103\u021bii Bisericii, cu felurite drepturi \u0219i \u00eendatoriri, la fel cum trupurile noastre sunt alc\u0103tuite din diferite membre \u0219i organe. Sf\u00e2ntul Apostol Pavel explic\u0103 aceasta celor din cetatea Romei, spun\u00e2nd c\u0103 precum \u00eentr-un singur trup avem multe membre, \u0219i toate &hellip; <\/p>\n","protected":false},"author":3,"featured_media":0,"parent":0,"menu_order":5,"comment_status":"closed","ping_status":"closed","template":"","meta":{"ngg_post_thumbnail":0,"footnotes":""},"class_list":["entry","page","publish","author-stefan","post-17425"],"jetpack_sharing_enabled":true,"_links":{"self":[{"href":"http:\/\/sfioanevanghelistul.ca\/wordpress\/wp-json\/wp\/v2\/pages\/17425","targetHints":{"allow":["GET"]}}],"collection":[{"href":"http:\/\/sfioanevanghelistul.ca\/wordpress\/wp-json\/wp\/v2\/pages"}],"about":[{"href":"http:\/\/sfioanevanghelistul.ca\/wordpress\/wp-json\/wp\/v2\/types\/page"}],"author":[{"embeddable":true,"href":"http:\/\/sfioanevanghelistul.ca\/wordpress\/wp-json\/wp\/v2\/users\/3"}],"replies":[{"embeddable":true,"href":"http:\/\/sfioanevanghelistul.ca\/wordpress\/wp-json\/wp\/v2\/comments?post=17425"}],"version-history":[{"count":1,"href":"http:\/\/sfioanevanghelistul.ca\/wordpress\/wp-json\/wp\/v2\/pages\/17425\/revisions"}],"predecessor-version":[{"id":17451,"href":"http:\/\/sfioanevanghelistul.ca\/wordpress\/wp-json\/wp\/v2\/pages\/17425\/revisions\/17451"}],"wp:attachment":[{"href":"http:\/\/sfioanevanghelistul.ca\/wordpress\/wp-json\/wp\/v2\/media?parent=17425"}],"curies":[{"name":"wp","href":"https:\/\/api.w.org\/{rel}","templated":true}]}}