{"id":7023,"date":"2015-02-12T12:10:33","date_gmt":"2015-02-12T12:10:33","guid":{"rendered":"http:\/\/www.bisericaortodoxaaurora.com\/?page_id=7023"},"modified":"2015-07-06T02:30:13","modified_gmt":"2015-07-06T02:30:13","slug":"acatistul-mantuitorului-iisus-hristos","status":"publish","type":"page","link":"http:\/\/sfioanevanghelistul.ca\/wordpress\/en\/sf-antonie-cel-mare\/acatistul-mantuitorului-iisus-hristos\/","title":{"rendered":"Akathist to our Saviour Jesus Christ"},"content":{"rendered":"<p><\/p>\n<p><strong>Rug\u0103ciune c\u0103tre Domnul Nostru Iisus Hristos, a Sf\u00eentului Isaac Sirul<\/strong><\/p>\n<p>Doamne, Iisuse Hristoase, Dumnezeul meu, Care cercetezi f\u0103ptura Ta, C\u0103ruia sunt ar\u0103tate patimile mele \u015fi neputin\u0163a firii noastre omene\u015fti \u015fi t\u0103ria pizma\u015fului nostru, Tu \u00eensu\u0163i m\u0103 acoper\u0103 de r\u0103utatea lui, pentru c\u0103 putea lui este tare, iar firea noastr\u0103 p\u0103tima\u015f\u0103 \u015fi t\u0103ria neputincioas\u0103. Tu, dar, o Bunule, Cel ce \u015ftii neputin\u0163a noastr\u0103, Care \u015fi por\u0163i greutatea neputin\u0163ei noastre, p\u0103zeste-m\u0103 de tulburarea cugetelor \u015fi de potopul patimilor \u015fi f\u0103-m\u0103 vrednic acestei slujbe sfinte a Ta, ca nu cumva, \u00een poftele mele cele \u00eentinate, s\u0103 pierd dulcea\u0163a ei \u015fi s\u0103 m\u0103 aflu f\u0103r\u0103 de ru\u015fine \u015fi f\u0103r\u0103 de fric\u0103 \u00eenaintea Ta. Ci, Doamne, preadulcele meu Iisuse, miluie\u015fte-m\u0103 \u015fi m\u0103 m\u00eentuie\u015fte.<\/p>\n<p>Apoi se zic condacele \u015fi icoasele.<\/p>\n<p>Condacul 1:<\/p>\n<p>Ap\u0103r\u0103torule cel mai mare \u015fi Doamne, Biruitorul iadului, ca cei ce ne-am izb\u0103vit de moartea cea ve\u015fnic\u0103, cele de laud\u0103 aducem \u0162ie noi, robii T\u0103i \u015fi zidirea Ta. Ci, ca Cel ce ai \u00eendur\u0103ri nenum\u0103rate, de toate nevoile ne izb\u0103ve\u015fte pe noi, care-\u0162i c\u00eent\u0103m \u0162ie: Iisuse, Fiul lui Dumnezeu miluie\u015fte-ne!<\/p>\n<p>Icosul 1:<\/p>\n<p>F\u0103c\u0103torule al \u00eengerilor \u015fi Doamne al puterilor, deschide-mi mie, nepriceputului, mintea \u015fi limba, spre lauda preacuratului T\u0103u nume, precum ai deschis auzul \u015fi limba celui surd \u015fi g\u00e2ngav de demult, c\u0103 s\u0103 gr\u0103iesc \u015fi eu acestea:<br \/>\nIisuse preaminunate, mirarea \u00eengerilor;<br \/>\nIisuse preaputernice, izb\u0103virea str\u0103mo\u015filor;<br \/>\nIisuse preadulce, slava patriarhilor;<br \/>\nIisuse preasl\u0103vite, t\u0103ria oc\u00e2rmuitorilor;<br \/>\nIisuse preaiubite, plinirea proorocilor;<br \/>\nIisuse preaminunate, \u00eent\u0103rirea mucenicilor;<br \/>\nIisuse prealine, bucuria c\u0103lug\u0103rilor;<br \/>\nIisuse preamilostive, dulcea\u0163a preo\u0163ilor;<br \/>\nIisuse prea\u00eendurate, \u00eenfr\u00e2narea pustnicilor;<br \/>\nIisuse preadulce, bucuria preacuvio\u015filor;<br \/>\nIisuse preacurate, mintea cea \u00eentreag\u0103 a celor cura\u0163i cu fecioria;<br \/>\nIisuse, Cel mai \u00eenainte de veci, m\u00e2ntuirea p\u0103c\u0103to\u015filor;<br \/>\nIisuse, Fiul lui Dumnezeu, miluieste-m\u0103!<\/p>\n<p>Condacul al 2-lea:<\/p>\n<p>V\u0103z\u00e2nd, Doamne, pe v\u0103duva care pl\u00e2ngea foarte \u015fi, precum atunci, milostivindu-Te, ai \u00eenviat pe fiul ei, pe care \u00eel ducea s\u0103-l \u00eengroape, a\u015fa \u00eenviaz\u0103 \u015fi sufletul meu cel omor\u00e2t cu pacate, Iubitorule de oameni, \u015fi Te milostive\u015fte spre mine, care-\u0162i c\u00e2nt \u0162ie: Aliluia!<\/p>\n<p>Icosul al 2-lea:<\/p>\n<p>\u00cen\u0163elegerea cea ne\u00een\u0163eleas\u0103 c\u0103ut\u00e2nd Filip s\u0103 o \u00een\u0163eleag\u0103, gr\u0103ia: Doamne, arat\u0103 nou\u0103 pe Tat\u0103l. Iar Tu ai zis catre d\u00e2nsul: At\u00e2ta vreme fiind cu Mine, au n-ai cunoscut c\u0103 Tat\u0103l este \u00eentru Mine \u015fi Eu \u00eentru Tat\u0103l? De aceea, \u0162ie, Celui ce e\u015fti necuprins, cu fric\u0103 \u00ce\u0163i gr\u0103im:<br \/>\nIisuse, Dumnezeule cel mai \u00eenainte de veci;<br \/>\nIisuse, \u00cemparatule cel puternic;<br \/>\nIisuse, St\u0103p\u00e2ne cel \u00eendelung-r\u0103bd\u0103tor;<br \/>\nIisuse, M\u00e2ntuitorule cel preamilostiv;<br \/>\nIisuse, p\u0103zitorul meu cel preabun;<br \/>\nIisuse cur\u0103\u0163e\u015fte p\u0103catele mele;<br \/>\nIisuse ridic\u0103 far\u0103delegile mele;<br \/>\nIisuse iart\u0103 nedrept\u0103\u0163ile mele;<br \/>\nIisuse, n\u0103dejdea mea, nu m\u0103 l\u0103s\u0103 pe mine;<br \/>\nIisuse, ajutorul meu, nu m\u0103 lep\u0103da pe mine;<br \/>\nIisuse, Ziditorul meu, nu m\u0103 uita pe mine;<br \/>\nIisuse, P\u0103storul meu, nu m\u0103 pierde pe mine;<br \/>\nIisuse, Fiul lui Dumnezeu, miluie\u015fte-m\u0103!<\/p>\n<p>Condacul al 3-lea:<\/p>\n<p>Iisuse, Care ai \u00eembr\u0103cat cu putere de sus pe apostolii T\u0103i care \u015fedeau \u00een Ierusalim, \u00eembrac\u0103-m\u0103 \u015fi pe mine, cel golit de toate faptele cele bune, cu c\u0103ldura Duhului T\u0103u celui Sf\u00e2nt, \u015fi-mi d\u0103 mie s\u0103 c\u00e2nt \u0162ie cu dragoste: Aliluia!<\/p>\n<p>Icosul al 3-lea:<\/p>\n<p>Iisuse, Cel ce ai mul\u0163ime de \u00eendur\u0103ri, Care ai chemat pe vame\u015fi \u015fi pe p\u0103c\u0103to\u015fi \u015fi pe cei necredincio\u015fi, nu m\u0103 trece cu vederea acum pe mine, cel asemenea lor; ci, ca ni\u015fte mir de mult pre\u0163, prime\u015fte c\u00e2ntarea aceasta:<br \/>\nIisuse, puterea cea nebiruit\u0103;<br \/>\nIisuse, mila cea far\u0103 de sf\u00e2r\u015fit;<br \/>\nIisuse, frumuse\u0163ea cea prealuminat\u0103;<br \/>\nIisuse, dragostea cea nebiruit\u0103;<br \/>\nIisuse, Fiul lui Dumnezeu celui viu;<br \/>\nIisuse, miluie\u015fte-m\u0103 pe mine, p\u0103c\u0103tosul;<br \/>\nIisuse auzi-m\u0103 pe mine, cel z\u0103mislit \u00eentru f\u0103r\u0103delegi;<br \/>\nIisuse cur\u0103\u0163e\u015fte-m\u0103 pe mine, cel n\u0103scut \u00een p\u0103cate;<br \/>\nIisuse \u00eenva\u0163\u0103-m\u0103 pe mine, netrebnicul;<br \/>\nIisuse lumineaz\u0103-m\u0103 pe mine, \u00eentunecatul;<br \/>\nIisuse cur\u0103\u0163e\u015fte-m\u0103 pe mine, \u00eentinatul;<br \/>\nIisuse scoate-m\u0103 pe mine, desfr\u00e2natul;<br \/>\nIisuse, Fiul lui Dumnezeu, miluie\u015fte-m\u0103!<\/p>\n<p>Condacul al 4-lea:<\/p>\n<p>Vifor de g\u00e2nduri \u00eendoielnice av\u00e2nd \u00eenl\u0103untru, Petru se afunda; iar v\u0103z\u00e2ndu-Te pe Tine, Iisuse, fiind cu trup \u015fi umbl\u00e2nd pe ap\u0103, Te-a cunoscut pe Tine Dumnezeu adev\u0103rat \u015fi, primind m\u00e2na Ta cea m\u00e2ntuitoare, a zis: Aliluia!<\/p>\n<p>Icosul al 4-lea:<\/p>\n<p>Auzit-a orbul, Doamne, c\u0103 Tu treci pe cale \u015fi a strigat: Iisuse, Fiul lui David, miluie\u015fte-m\u0103; \u015fi chem\u00e2ndu-l i-ai deschis ochii lui. Lumineaz\u0103 cu mila Ta \u015fi ochii cei cuget\u0103tori ai inimii mele, ai celui ce graiesc:<br \/>\nIisuse, ziditorul celor de sus;<br \/>\nIisuse, r\u0103scump\u0103r\u0103torul celor de jos;<br \/>\nIisuse, pierz\u0103torul celor de dedesubt;<br \/>\nIisuse, \u00eenfrumuse\u0163\u0103torul f\u0103pturilor;<br \/>\nIisuse, m\u00e2ng\u00e2ierea sufletului meu;<br \/>\nIisuse, lumin\u0103torul min\u0163ii mele;<br \/>\nIisuse, veselia inimii mele;<br \/>\nIisuse, s\u0103n\u0103tatea trupului meu;<br \/>\nIisuse, M\u00e2ntuitorul meu, m\u00e2ntuie\u015fte-m\u0103;<br \/>\nIisuse, lumin\u0103torul meu, lumineaz\u0103-m\u0103;<br \/>\nIisuse izb\u0103ve\u015fte-m\u0103 de tot chinul;<br \/>\nIisuse m\u00e2ntuie\u015fte-m\u0103 pe mine, nevrednicul;<br \/>\nIisuse, Fiul lui Dumnezeu, miluie\u015fte-m\u0103!<\/p>\n<p>Condacul al 5-lea:<\/p>\n<p>Precum ne-ai r\u0103scump\u0103rat pe noi de demult din blestemul legii cu s\u00e2ngele cel izvor\u00e2tor din Dumnezeu, Iisuse, a\u015fa ne scoate pe noi din lan\u0163urile cu care \u015farpele ne-a \u00eempiedicat pe noi, prin patimile cele trupe\u015fti \u015fi prin \u00eendemn\u0103rile spre desfr\u00e2nare \u015fi prin tr\u00e2nd\u0103virea cea rea, pe cei ce-\u0162i c\u00e2nt\u0103m \u0162ie: Aliluia!<\/p>\n<p>Icosul al 5-lea:<\/p>\n<p>Vaz\u00e2nd pruncii evreilor \u00een chip omenesc pe Cel ce a zidit pe om cu m\u00e2inile \u015fi cunosc\u00e2ndu-L pe El a fi St\u0103p\u00e2nul, s-au nevoit cu st\u00e2lp\u0103ri a-I pl\u0103cea Lui, strig\u00e2nd: Osana! Iar noi aducem \u0162ie c\u00e2ntare, graind:<br \/>\nIisuse, Dumnezeul cel adev\u0103rat;<br \/>\nIisuse, Fiul lui David;<br \/>\nIisuse, \u00cemp\u0103ratul cel preasl\u0103vit;<br \/>\nIisuse, Mielul cel nevinovat;<br \/>\nIisuse, P\u0103storul cel prealuminat;<br \/>\nIisuse, p\u0103zitorul prunciei mele;<br \/>\nIisuse, \u00eendrept\u0103torul tinere\u0163ilor mele;<br \/>\nIisuse, lauda b\u0103tr\u00e2ne\u0163ilor mele;<br \/>\nIisuse, n\u0103dejdea cea de la moartea mea;<br \/>\nIisuse, via\u0163a mea de dup\u0103 moarte;<br \/>\nIisuse, lini\u015ftea mea la judecata Ta;<br \/>\nIisuse, dorirea mea, nu m\u0103 ru\u015fina pe mine atuncea;<br \/>\nIisuse, Fiul lui Dumnezeu, miluie\u015fte-m\u0103!<\/p>\n<p>Condacul al 6-lea:<\/p>\n<p>Vestirea \u015fi graiurile propov\u0103duitorilor celor de Dumnezeu purt\u0103tori plinind-o, Iisuse, pe p\u0103m\u00e2nt Te-ai ar\u0103tat \u015fi cu oamenii ai vie\u0163uit, Cel ce e\u015fti neajuns, \u015fi durerile noastre le-ai ridicat, de unde cu r\u0103nile Tale noi t\u0103m\u0103duindu-ne, ne-am deprins a c\u00e2nta: Aliluia!<\/p>\n<p>Icosul al 6-lea:<\/p>\n<p>R\u0103s\u0103rit-a \u00een lume luminarea adev\u0103rului T\u0103u \u015fi s-a izgonit \u00een\u015fel\u0103ciunea cea diavoleasc\u0103, M\u00e2ntuitorul nostru, c\u0103 idolii ner\u0103bd\u00e2nd t\u0103ria Ta au c\u0103zut, iar noi, dob\u00e2ndind m\u00e2ntuire, mul\u0163umire \u00ce\u0163i aducem, c\u00e2nt\u00e2nd as\u0103:<br \/>\nIisuse, adev\u0103rul cel ce izgone\u015fti \u00een\u015fel\u0103ciunea;<br \/>\nIisuse, lumina cea mai presus de toate luminile;<br \/>\nIisuse, \u00cemp\u0103rate, \u00eent\u0103ritorul tuturor t\u0103riilor;<br \/>\nIisuse, Dumnezeule, Cel ce petreci \u00eentru mil\u0103;<br \/>\nIisuse, p\u00e2inea vie\u0163ii, satur\u0103-m\u0103 pe mine, cel fl\u0103m\u00e2nd;<br \/>\nIisuse, izvorul \u00een\u0163elepciunii, adap\u0103-m\u0103 pe mine, cel \u00eensetat;<br \/>\nIisuse, ve\u015fm\u00e2ntul cel de veselie, \u00eembrac\u0103-m\u0103 pe mine, cel \u00eentinat;<br \/>\nIisuse acoperam\u00e2ntul cel de bucurie, acoper\u0103-m\u0103 pe mine, nevrednicul;<br \/>\nIisuse, d\u0103t\u0103torul celor ce cer, d\u0103-mi s\u0103 pl\u00e2ng pentru p\u0103catele mele;<br \/>\nIisuse, Cel ce afli pe cei ce Te caut\u0103, afl\u0103 \u015fi sufletul meu;<br \/>\nIisuse, deschiz\u0103torul celor ce bat, deschide inima mea cea tic\u0103loas\u0103;<br \/>\nIisuse, r\u0103scump\u0103r\u0103torul p\u0103c\u0103to\u015filor, cur\u0103\u0163e\u015fte f\u0103r\u0103delegile mele;<br \/>\nIisuse, Fiul lui Dumnezeu, miluie\u015fte-m\u0103!<\/p>\n<p>Condacul al 7-lea:<\/p>\n<p>Vr\u00e2nd s\u0103 descoperi taina cea ascuns\u0103 din veac, ca un miel spre junghiere Te-ai adus, Iisuse, \u015fi ca o oaie far\u0103 de glas \u00eenaintea celor ce o tund, \u015fi ca un Dumnezeu din mor\u0163i ai \u00eenviat \u015fi cu slav\u0103 la ceruri Te-ai \u00een\u0103l\u0163at \u015fi ne-ai ridicat pe noi, care-\u0162i c\u00e2nt\u0103m \u0162ie: Aliluia!<\/p>\n<p>Icosul al 7-lea:<\/p>\n<p>Ar\u0103tat-a f\u0103ptur\u0103 minunat\u0103, ar\u0103t\u00e2ndu-Se nou\u0103, F\u0103c\u0103torul; c\u0103 din Fecioara, mai presus de fire S-a \u00eentrupat \u015fi din morm\u00e2nt a \u00eenviat, nestric\u00e2nd pece\u0163ile, \u015fi la apostoli prin u\u015file \u00eencuiate a intrat cu trupul. Drept aceea minun\u00e2ndu-ne, cu credin\u0163\u0103 gr\u0103im acestea:<br \/>\nIisuse, Cuv\u00e2ntul cel necuprins;<br \/>\nIisuse, Cuv\u00e2ntul cel nev\u0103zut;<br \/>\nIisuse, puterea cea neajuns\u0103;<br \/>\nIisuse, \u00een\u0163elepciunea cea mai presus de cuget;<br \/>\nIisuse, Dumnezeirea cea de necuprins \u00een scris;<br \/>\nIisuse, domnia cea nenum\u0103rat\u0103 cu anii;<br \/>\nIisuse, \u00eemp\u0103r\u0103\u0163ia cea nebiruit\u0103;<br \/>\nIisuse, st\u0103p\u00e2nirea cea far\u0103 de sf\u00e2r\u015fit;<br \/>\nIisuse, t\u0103ria cea prea\u00eenalt\u0103;<br \/>\nIisuse, puterea cea ve\u015fnic\u0103;<br \/>\nIisuse, F\u0103c\u0103torul meu, miluie\u015fte-m\u0103;<br \/>\nIisuse, M\u00e2ntuitorul meu, m\u00e2ntuieste-m\u0103;<br \/>\nIisuse, Fiul lui Dumnezeu, miluie\u015fte-m\u0103!<\/p>\n<p>Condacul al 8-lea:<\/p>\n<p>V\u0103z\u00e2nd str\u0103in\u0103 \u00eentruparea lui Dumnezeu, s\u0103 ne \u00eenstr\u0103in\u0103m din lumea cea de\u015fart\u0103 \u015fi mintea spre cele dumnezeie\u015fti s\u0103 o suim, c\u0103 pentru aceasta Dumnezeu pe p\u0103m\u00e2nt S-a pogor\u00e2t, ca s\u0103 ne ridice la ceruri pe noi, cei ce-i c\u00e2nt\u0103m Lui: Aliluia!<\/p>\n<p>Icosul al 8-lea:<\/p>\n<p>Cu totul era \u00eentre cei de jos, \u015fi dintre cei de sus nicicum nu S-a desp\u0103r\u0163it Cel negr\u0103it, c\u00e2nd de voie pentru noi a p\u0103timit, \u015fi cu moartea Sa moartea noastr\u0103 a omor\u00e2t-o, \u015fi cu \u00eenvierea Sa a d\u0103ruit via\u0163\u0103 celor ce-I c\u00e2nt\u0103:<br \/>\nIisuse, bucuria inimii;<br \/>\nIisuse, t\u0103ria trupului;<br \/>\nIisuse, lumina sufletului;<br \/>\nIisuse, repejunea min\u0163ii;<br \/>\nIisuse, bucuria cuno\u015ftin\u0163ei;<br \/>\nIisuse, nadejdea cea aleas\u0103;<br \/>\nIisuse, pomenirea cea preave\u015fnic\u0103;<br \/>\nIisuse, lauda cea mai presus de ceruri;<br \/>\nIisuse, slava mea cea prea\u00eenalt\u0103;<br \/>\nIisuse, dorirea mea, nu m\u0103 lep\u0103da pe mine;<br \/>\nIisuse, P\u0103storul meu, caut\u0103-m\u0103 pe mine;<br \/>\nIisuse, M\u00e2ntuitorul meu, m\u00e2ntuie\u015fte-m\u0103;<br \/>\nIisuse, Fiul lui Dumnezeu, miluie\u015fte-m\u0103!<\/p>\n<p>Condacul al 9-lea:<\/p>\n<p>Toat\u0103 firea \u00eengereasc\u0103, Iisuse, f\u0103r\u0103 de \u00eencetare sl\u0103ve\u015fte preasf\u00e2nt numele T\u0103u \u00een ceruri, strig\u00e2nd: Sf\u00e2nt, Sf\u00e2nt, Sf\u00e2nt; iar noi p\u0103c\u0103to\u015fii pe p\u0103m\u00e2nt, cu buze de tin\u0103, c\u00e2nt\u0103m: Aliluia!<\/p>\n<p>Icosul al 9-lea:<\/p>\n<p>Pe retorii cei mult-gr\u0103itori \u00eei vedem t\u0103c\u00e2nd ca ni\u015fte pe\u015fti f\u0103r\u0103 de glas despre Tine, Iisuse, M\u00e2ntuitorul meu; c\u0103 nu se pricep s\u0103 spun\u0103 cum Dumnezeu cel neschimbat petreci \u015fi om deplin. Iar noi, minun\u00e2ndu-ne de o tain\u0103 ca aceasta, cu credin\u0163\u0103 gr\u0103im acestea:<br \/>\nIisuse, Dumnezeul cel preave\u015fnic;<br \/>\nIisuse, \u00cemp\u0103ratul \u00eemp\u0103ra\u0163ilor;<br \/>\nIisuse, St\u0103p\u00e2nul st\u0103p\u00e2nitorilor;<br \/>\nIisuse, Judec\u0103torul celor vii \u015fi al celor mor\u0163i;<br \/>\nIisuse, n\u0103dejdea celor f\u0103r\u0103 de n\u0103dejde;<br \/>\nIisuse, m\u00e2ng\u00e2ierea celor ce pl\u00e2ng;<br \/>\nIisuse, slava s\u0103racilor;<br \/>\nIisuse nu m\u0103 judeca pe mine dup\u0103 faptele mele;<br \/>\nIisuse cur\u0103\u0163e\u015fte-m\u0103 dup\u0103 mare mila Ta!<br \/>\nIisuse izgone\u015fte de la mine tr\u00e2nd\u0103virea;<br \/>\nIisuse lumineaz\u0103-mi g\u00e2ndul cel tainic al inimii;<br \/>\nIisuse d\u0103-mi aducere aminte de moarte;<br \/>\nIisuse, Fiul lui Dumnezeu, miluie\u015fte-m\u0103!<\/p>\n<p>Condacul al 10-lea:<\/p>\n<p>Vr\u00e2nd s\u0103 m\u00e2ntuie\u015fti lumea, R\u0103s\u0103ritule al r\u0103s\u0103riturilor, venind c\u0103tre apus, la firea noastr\u0103 cea \u00eentunecat\u0103, Te-ai smerit p\u00e2n\u0103 la moarte; drept aceea s-a prea\u00een\u0103l\u0163at numele T\u0103u mai mult dec\u00e2t tot numele \u015fi de la toate f\u0103pturile cere\u015fti \u015fi p\u0103m\u00e2nte\u015fti auzi: Aliluia!<\/p>\n<p>Icosul al 10-lea:<\/p>\n<p>\u00cemparate cel preave\u015fnic, M\u00e2ng\u00e2ietorule cel adev\u0103rat, Hristoase, cur\u0103\u0163e\u015fte-ne pe noi de toat\u0103 \u00eentin\u0103ciunea, precum ai cura\u0163it pe cei zece lepro\u015fi, \u015fi ne t\u0103m\u0103duieste pe noi, precum ai t\u0103m\u0103duit sufletul cel iubitor de argint al lui Zaheu vame\u015ful, ca s\u0103 c\u00e2ntam \u0162ie cu umilin\u0163\u0103 acestea:<br \/>\nIisuse, vistiereul cel nestricat;<br \/>\nIisuse, bog\u0103\u0163ia cea ne\u00eempu\u0163inat\u0103;<br \/>\nIisuse, hrana cea tare;<br \/>\nIisuse, b\u0103utura cea nesecat\u0103;<br \/>\nIisuse, \u00eembr\u0103c\u0103mintea s\u0103racilor;<br \/>\nIisuse, folositorul v\u0103duvelor;<br \/>\nIisuse, ap\u0103r\u0103torul celor lipsi\u0163i;<br \/>\nIisuse, ajut\u0103torul celor osteni\u0163i;<br \/>\nIisuse, \u00eendrept\u0103torul celor str\u0103ini;<br \/>\nIisuse, c\u00e2rmaciul celor ce \u00eenoat\u0103 pe mare;<br \/>\nIisuse, lini\u015ftea celor \u00eenv\u0103lui\u0163i;<br \/>\nIisuse, Dumnezeule, ridic\u0103-m\u0103 pe mine, cel c\u0103zut;<br \/>\nIisuse, Fiul lui Dumnezeu, miluie\u015fte-m\u0103!<\/p>\n<p>Condacul al 11-lea:<\/p>\n<p>C\u00e2ntare cu totul de umilin\u0163\u0103 aduc \u0162ie, eu, nevrednicul, \u015fi \u015ftrig \u0162ie ca \u015fi canaaneanca: Iisuse, miluie\u015fte-m\u0103, c\u0103 nu am fiic\u0103, ci trup, care cumplit este st\u0103p\u00e2nit de diavolul \u015fi cu patimi \u015fi cu urgie este aprins, \u015fi d\u0103-mi t\u0103m\u0103duire mie celui ce-\u0162i c\u00e2nt: Aliluia!<\/p>\n<p>Icosul al 11-lea:<\/p>\n<p>Lumin\u0103torul cel primitor de lumin\u0103 al celor dintru \u00eentunericul necuno\u015ftin\u0163ei, Pavel, care mai \u00eenainte Te izgonea pe Tine, socotind puterea glasului celui de Dumnezeu \u00een\u0163elep\u0163itor, \u015fi-a limpezit pornirea cea rea a sufletului. A\u015fa \u015fi mie lumineaz\u0103-mi luminile cele \u00eentunecate ale sufletului, ale celui ce gr\u0103iesc \u0162ie:<br \/>\nIisuse, \u00cemp\u0103ratul meu cel preatare;<br \/>\nIisuse, Dumnezeul meu cel preaputernic;<br \/>\nIisuse, Domnul meu cel f\u0103r\u0103 de moarte;<br \/>\nIisuse, Ziditorul meu cel preasl\u0103vit;<br \/>\nIisuse, \u00cendrept\u0103torul meu cel preabun;<br \/>\nIisuse, P\u0103storul meu cel prea\u00eendurat;<br \/>\nIisuse, St\u0103p\u00e2nul meu cel preamilostiv;<br \/>\nIisuse M\u00e2ntuitorul meu cel preamilos\u00e2rd;<br \/>\nIisuse lumineaz\u0103-mi mintea cea \u00eentunecat\u0103 cu patimile;<br \/>\nIisuse t\u0103m\u0103duieste-mi trupul cel r\u0103nit cu p\u0103catele;<br \/>\nIisuse cur\u0103\u0163e\u015fte-mi mintea de g\u00e2ndurile cele de\u015farte;<br \/>\nIisuse paze\u015fte-mi inima de poftele cele viclene;<br \/>\nIisuse, Fiul lui Dumnezeu, miluie\u015fte-m\u0103!<\/p>\n<p>Condacul al 12-lea:<\/p>\n<p>D\u0103ruie\u015fte-mi har, Dezleg\u0103torule al tuturor datoriilor, Iisuse; \u015fi m\u0103 prime\u015fte pe mine, cel ce m\u0103 poc\u0103iesc, precum ai primit pe Petru, care s-a lep\u0103dat de Tine, \u015fi m\u0103 cheam\u0103 pe mine tr\u00e2ndavul, precum de demult pe Pavel, care Te prigonea pe Tine, \u015fi m\u0103 auzi pe mine, cel ce-\u0162i c\u00e2nt \u0162ie: Aliluia!<\/p>\n<p>Icosul a1 12-lea:<\/p>\n<p>Sl\u0103vind \u00eenvierea Ta, Te l\u0103ud\u0103m to\u0163i \u015fi credem cu Toma c\u0103 Domn \u015fi Dumnezeu e\u015fti, Cel ce \u015fezi de-a dreapta Tat\u0103lui \u015fi va s\u0103 judeci viii \u015fi mor\u0163ii. Atunci adic\u0103 m\u0103 \u00eenvrednice\u015fte \u015federii de-a dreapta pe mine, cel ce zic:<br \/>\nIisuse, \u00cemp\u0103ratul cel mai \u00eenainte de veci, m\u00e2ntuie\u015fte-m\u0103;<br \/>\nIisuse, floarea cea cu bun miros, bine \u00eenmiresmeaz\u0103-m\u0103;<br \/>\nIisuse, c\u0103ldura cea iubit\u0103, \u00eenc\u0103lze\u015fte-m\u0103;<br \/>\nIisuse, acoper\u0103m\u00e2ntul cel mai \u00eenainte de veci, acoper\u0103-m\u0103;<br \/>\nIisuse, ve\u015fm\u00e2ntul cel luminat, \u00eenfrumuse\u0163eaz\u0103-m\u0103;<br \/>\nIisuse, m\u0103rg\u0103ritarul cel cinstit; lumineaz\u0103-m\u0103;<br \/>\nIisuse, piatra cea scump\u0103, str\u0103luce\u015fte peste mine;<br \/>\nIisuse, soarele drept\u0103\u0163ii, lumineaz\u0103-m\u0103;<br \/>\nIisuse, lumina cea sf\u00e2nt\u0103, str\u0103luce\u015fte peste mine;<br \/>\nIisuse, de durerile cele suflete\u015fti \u015fi trupe\u015fti izb\u0103ve\u015fte-m\u0103;<br \/>\nIisuse scoate-m\u0103 din m\u00e2na potrivnicului;<br \/>\nIisuse izb\u0103ve\u015fte-m\u0103 de focul cel nestins \u015fi de alte chinuri ve\u015fnice;<br \/>\nIisuse, Fiul lui Dumnezeu, miluie\u015fte-m\u0103!<\/p>\n<p>Condacul al 13-lea:<\/p>\n<p>O, preadulce \u015fi \u00eentru-tot-\u00eendurate Iisuse Hristoase, Fiul lui Dumnezeu, prime\u015fte acum aceast\u0103 pu\u0163in\u0103 rug\u0103ciune a noastr\u0103, precum ai primit cei doi bani ai v\u0103duvei, \u015fi p\u0103ze\u015fte mo\u015ftenirea Ta de vr\u0103jma\u015fii cei v\u0103zu\u0163i \u015fi de cei nev\u0103zu\u0163i, de venirea altor neamuri asupra noastr\u0103, de neputin\u0163e \u015fi de foamete, de toate sc\u00e2rbele \u015fi r\u0103nile cele aduc\u0103toare de moarte, \u015fi din chinurile cele viitoare scoate-ne pe to\u0163i, care c\u00e2nt\u0103m \u0162ie: Aliluia! &#8211; Acest Condac se zice de trei ori. &#8211;<\/p>\n<p>Dup\u0103 aceasta se zice iar\u0103\u015fi Icosul \u00eent\u00e2i: F\u0103c\u0103torul \u00eengerilor \u015fi Doamne al puterilor&#8230; \u015fi Condacul \u00eent\u00e2i: Ap\u0103r\u0103torule cel mai mare \u015fi Doamne&#8230;<\/p>\n<p><strong>Apoi se citeste aceast\u0103 rug\u0103ciune c\u0103tre Domnul nostru Iisus Hristos, a Sf\u00e2ntului Isaac Sirul<\/strong><\/p>\n<p>Doamne Iisuse Hristoase, Dumnezeul nostru, Care ai pl\u00e2ns pentru Laz\u0103r \u015fi lacrimi de \u00eentristare \u015fi de milostivire ai v\u0103rsat pentru d\u00e2nsul, prime\u015fte lacrimile mele. Cu patimile Tale, vindec\u0103 patimile mele. Cu r\u0103nile Tale, t\u0103m\u0103duie\u015fte r\u0103nile mele. Cu s\u00e2ngele T\u0103u, cur\u0103\u0163e\u015fte s\u00e2ngele meu \u015fi amestec\u0103 \u00een trupul meu mireasma trupului T\u0103u celui de via\u0163\u0103 f\u0103c\u0103tor. Fierea cu care vr\u0103jma\u015fii Te-au ad\u0103pat s\u0103 \u00eendulceasc\u0103 am\u0103r\u0103ciunea cu care potrivnicul m-a ad\u0103pat. Trupul T\u0103u \u00eentins pe Cruce s\u0103 \u00eentind\u0103 c\u0103tre Tine mintea mea cea tras\u0103 jos de diavoli. Capul T\u0103u, pe care l-ai aplecat pe Cruce, s\u0103 \u00eenal\u0163e capul meu cel p\u0103lmuit de potrivnici. Preasfintele Tale m\u00e2ini, pironite de cei far\u0103 de lege pe Cruce, s\u0103 m\u0103 trag\u0103 spre Tine din pr\u0103pastia pierz\u0103rii precum a f\u0103g\u0103duit preasf\u00e2nt\u0103 gura Ta. Fa\u0163a Ta, cea batjocorit\u0103 cu p\u0103lmuiri \u015fi cu scuip\u0103ri, s\u0103 umple de str\u0103lucire fa\u0163a mea cea \u00eentinat\u0103 \u00een f\u0103r\u0103delegi. Duhul T\u0103u, pe Care L-ai \u00eencredin\u0163at Tat\u0103lui c\u00e2nd erai pe Cruce, s\u0103 m\u0103 pov\u0103\u0163uiasc\u0103 spre Tine, prin harul T\u0103u. Nu am inim\u0103 plin\u0103 de durere c\u0103 s\u0103 Te caut. Nu am poc\u0103in\u0163\u0103, nici umilin\u0163\u0103 care \u00eentorc pe fii la mo\u015ftenirea lor. Nu am lacrimi m\u00e2ng\u00e2ietoare, St\u0103p\u00e2ne. S-a \u00eentunecat mintea mea cu cele lume\u015fti \u015fi nu poate s\u0103 caute spre Tine cu durere. S-a r\u0103cit inima mea de at\u00e2tea ispite \u015fi nu poate s\u0103 se \u00eenfierb\u00e2nte cu lacrimile dragostei celei pentru Tine. Ci Tu, Doamne Iisuse Hristoase, Dumnezeule, Vistierul bun\u0103t\u0103\u0163ilor, d\u0103ruie\u015fte-mi poc\u0103in\u0163\u0103 ne\u015ftirbit\u0103 \u015fi inim\u0103 \u00eendurerat\u0103, ca s\u0103 pornesc cu tot sufletul \u00een c\u0103utarea Ta; c\u0103ci f\u0103r\u0103 de Tine m\u0103 voi \u00eenstr\u0103ina de tot binele. D\u0103-mi a\u015fadar, Bunule, harul T\u0103u. Tat\u0103l, Care Te-a n\u0103scut din s\u00e2nurile Sale f\u0103r\u0103 de ani \u015fi mai \u00eenainte de veci, s\u0103 \u00eennoiasc\u0103 \u00een mine \u00eenchipuirea icoanei Tale. Te-am p\u0103r\u0103sit, Doamne, s\u0103 nu m\u0103 p\u0103r\u0103se\u015fti. Am ie\u015fit de la Tine, ie\u015fi \u00een c\u0103utarea mea. Du-m\u0103 la pa\u015funea Ta cea duhovniceasc\u0103. Numar\u0103-m\u0103 \u00eentre oile turmei Tale preaalese. Hr\u0103ne\u015fte-m\u0103 \u00eempreun\u0103 cu ele din verdea\u0163a dumnezeie\u015ftilor Tale Taine. C\u0103ci inima lor curat\u0103 este s\u0103la\u015ful T\u0103u \u015fi se vede \u00eentr-\u00eensa str\u0103lucirea descoperirilor Tale. Sr\u0103lucirea Ta este m\u00e2ng\u00e2ierea \u015fi odihna celor ce s-au ostenit pentru Tine \u00een necazuri \u015fi \u00een toate felurile de chinuri. Acestei str\u0103luciri m\u0103 \u00eenvrednice\u015fte \u015fi pe mine nevrednicul cu harul \u015fi cu iubirea de oameni a M\u00e2ntuitorului nostru Iisus Hristos, \u00een vecii vecilor. Amin.<\/p>\n<p><\/p>","protected":false},"excerpt":{"rendered":"<p>Rug\u0103ciune c\u0103tre Domnul Nostru Iisus Hristos, a Sf\u00eentului Isaac Sirul Doamne, Iisuse Hristoase, Dumnezeul meu, Care cercetezi f\u0103ptura Ta, C\u0103ruia sunt ar\u0103tate patimile mele \u015fi neputin\u0163a firii noastre omene\u015fti \u015fi t\u0103ria pizma\u015fului nostru, Tu \u00eensu\u0163i m\u0103 acoper\u0103 de r\u0103utatea lui, pentru c\u0103 putea lui este tare, iar firea noastr\u0103 p\u0103tima\u015f\u0103 \u015fi t\u0103ria neputincioas\u0103. Tu, dar, &hellip; <\/p>\n","protected":false},"author":3,"featured_media":0,"parent":45,"menu_order":14,"comment_status":"open","ping_status":"closed","template":"","meta":{"ngg_post_thumbnail":0,"footnotes":""},"class_list":["entry","page","publish","author-stefan","post-7023"],"jetpack_sharing_enabled":true,"_links":{"self":[{"href":"http:\/\/sfioanevanghelistul.ca\/wordpress\/en\/wp-json\/wp\/v2\/pages\/7023","targetHints":{"allow":["GET"]}}],"collection":[{"href":"http:\/\/sfioanevanghelistul.ca\/wordpress\/en\/wp-json\/wp\/v2\/pages"}],"about":[{"href":"http:\/\/sfioanevanghelistul.ca\/wordpress\/en\/wp-json\/wp\/v2\/types\/page"}],"author":[{"embeddable":true,"href":"http:\/\/sfioanevanghelistul.ca\/wordpress\/en\/wp-json\/wp\/v2\/users\/3"}],"replies":[{"embeddable":true,"href":"http:\/\/sfioanevanghelistul.ca\/wordpress\/en\/wp-json\/wp\/v2\/comments?post=7023"}],"version-history":[{"count":1,"href":"http:\/\/sfioanevanghelistul.ca\/wordpress\/en\/wp-json\/wp\/v2\/pages\/7023\/revisions"}],"predecessor-version":[{"id":7356,"href":"http:\/\/sfioanevanghelistul.ca\/wordpress\/en\/wp-json\/wp\/v2\/pages\/7023\/revisions\/7356"}],"up":[{"embeddable":true,"href":"http:\/\/sfioanevanghelistul.ca\/wordpress\/en\/wp-json\/wp\/v2\/pages\/45"}],"wp:attachment":[{"href":"http:\/\/sfioanevanghelistul.ca\/wordpress\/en\/wp-json\/wp\/v2\/media?parent=7023"}],"curies":[{"name":"wp","href":"https:\/\/api.w.org\/{rel}","templated":true}]}}