{"id":7014,"date":"2015-02-12T11:36:50","date_gmt":"2015-02-12T11:36:50","guid":{"rendered":"http:\/\/www.bisericaortodoxaaurora.com\/?page_id=7014"},"modified":"2015-07-06T02:29:10","modified_gmt":"2015-07-06T02:29:10","slug":"rugaciune-de-mul%c8%9bumire","status":"publish","type":"page","link":"http:\/\/sfioanevanghelistul.ca\/wordpress\/en\/sf-antonie-cel-mare\/rugaciune-de-mul%c8%9bumire\/","title":{"rendered":"Prayer of thanks"},"content":{"rendered":"<p>\u00cen orice \u00eemprejurare te-ai afla, de bucurie, de \u00eentristare, lips\u0103 ori bun\u0103stare, \u00eenal\u0163\u0103 g\u00e2ndul smerit \u015fi inima curat\u0103 c\u0103tre Dumnezeu, aduc\u00e2ndu-I laud\u0103, mul\u0163umire ori cerere, \u015fi El, Care ascult\u0103 chem\u0103rile sincere \u015fi curate, nu te va trece cu vederea.<\/p>\n<p>Doamne, Iisuse Hristoase, Dumnezeul nostru, Dumnezeule a toat\u0103 milostivirea \u015fi \u00eendurarea, Care ai nem\u0103surat\u0103 mil\u0103, nespus\u0103 \u015fi neajuns\u0103 iubire de oameni, c\u0103z\u00e2nd acum c\u0103tre a Ta slav\u0103, cu fric\u0103 \u015fi cu cutremur, aduc \u0162ie mul\u0163umire pentru binefacerile de care m-ai \u00eenvrednicit pe mine nevrednicul robul T\u0103u. Te sl\u0103vesc, Te laud \u015fi Te c\u00e2nt ca pe un Domn, St\u0103p\u00e2n \u015fi F\u0103c\u0103tor de bine. \u015ei iar\u0103\u015fi c\u0103z\u00e2nd \u00eenaintea Ta, \u00ee\u0163i mul\u0163umesc \u015fi cu smerenie m\u0103 rog nem\u0103suratei \u015fi negr\u0103itei Tale milostiviri, ca \u015fi de acum \u00eenainte s\u0103-mi d\u0103ruie\u015fti faceri de bine, ca s\u0103 sporesc \u00een dragostea de Tine \u015fi de aproapele meu. lzb\u0103ve\u015fte-m\u0103 de tot r\u0103ul \u015fi necazul. D\u0103ruie\u015fte-mi lini\u015fte \u015fi m\u0103 \u00eenvrednice\u015fte ca \u00een toate zilele vie\u0163ii mele totdeauna mul\u0163umire s\u0103-\u0162i aduc \u015fi s\u0103 gr\u0103iesc \u015fi s\u0103 c\u00e2nt cele preabune Tat\u0103lui \u015fi Fiului \u015fi Sf\u00e2ntului Duh, acum \u015fi pururea \u015fi \u00een vecii vecilor. Amin.<\/p>","protected":false},"excerpt":{"rendered":"<p>\u00cen orice \u00eemprejurare te-ai afla, de bucurie, de \u00eentristare, lips\u0103 ori bun\u0103stare, \u00eenal\u0163\u0103 g\u00e2ndul smerit \u015fi inima curat\u0103 c\u0103tre Dumnezeu, aduc\u00e2ndu-I laud\u0103, mul\u0163umire ori cerere, \u015fi El, Care ascult\u0103 chem\u0103rile sincere \u015fi curate, nu te va trece cu vederea. Doamne, Iisuse Hristoase, Dumnezeul nostru, Dumnezeule a toat\u0103 milostivirea \u015fi \u00eendurarea, Care ai nem\u0103surat\u0103 mil\u0103, nespus\u0103 &hellip; <\/p>\n","protected":false},"author":3,"featured_media":0,"parent":45,"menu_order":11,"comment_status":"open","ping_status":"closed","template":"","meta":{"ngg_post_thumbnail":0,"footnotes":""},"class_list":["entry","page","publish","author-stefan","post-7014"],"jetpack_sharing_enabled":true,"_links":{"self":[{"href":"http:\/\/sfioanevanghelistul.ca\/wordpress\/en\/wp-json\/wp\/v2\/pages\/7014","targetHints":{"allow":["GET"]}}],"collection":[{"href":"http:\/\/sfioanevanghelistul.ca\/wordpress\/en\/wp-json\/wp\/v2\/pages"}],"about":[{"href":"http:\/\/sfioanevanghelistul.ca\/wordpress\/en\/wp-json\/wp\/v2\/types\/page"}],"author":[{"embeddable":true,"href":"http:\/\/sfioanevanghelistul.ca\/wordpress\/en\/wp-json\/wp\/v2\/users\/3"}],"replies":[{"embeddable":true,"href":"http:\/\/sfioanevanghelistul.ca\/wordpress\/en\/wp-json\/wp\/v2\/comments?post=7014"}],"version-history":[{"count":1,"href":"http:\/\/sfioanevanghelistul.ca\/wordpress\/en\/wp-json\/wp\/v2\/pages\/7014\/revisions"}],"predecessor-version":[{"id":7353,"href":"http:\/\/sfioanevanghelistul.ca\/wordpress\/en\/wp-json\/wp\/v2\/pages\/7014\/revisions\/7353"}],"up":[{"embeddable":true,"href":"http:\/\/sfioanevanghelistul.ca\/wordpress\/en\/wp-json\/wp\/v2\/pages\/45"}],"wp:attachment":[{"href":"http:\/\/sfioanevanghelistul.ca\/wordpress\/en\/wp-json\/wp\/v2\/media?parent=7014"}],"curies":[{"name":"wp","href":"https:\/\/api.w.org\/{rel}","templated":true}]}}