{"id":7007,"date":"2015-02-12T11:08:44","date_gmt":"2015-02-12T11:08:44","guid":{"rendered":"http:\/\/www.bisericaortodoxaaurora.com\/?page_id=7007"},"modified":"2015-07-06T02:28:55","modified_gmt":"2015-07-06T02:28:55","slug":"rugaciune-pentru-calatorie","status":"publish","type":"page","link":"http:\/\/sfioanevanghelistul.ca\/wordpress\/en\/sf-antonie-cel-mare\/rugaciune-pentru-calatorie\/","title":{"rendered":"Travel prayer"},"content":{"rendered":"<p>Doamne, Iisuse Hristoase, Dumnezeul nostru, Cel ce e\u015fti calea, adev\u0103rul \u015fi via\u0163a, \u015fi ai c\u0103l\u0103torit \u00eempreun\u0103 cu robul T\u0103u Iosif, precum \u015fi cu cei doi ucenici care au mers la Emaus, \u00censu\u0163i, St\u0103p\u00e2ne, c\u0103l\u0103tore\u015fte \u015fi cu mine robul t\u0103u, binecuv\u00e2nt\u00e2ndu-mi drumul.<\/p>\n<p>Trimite-mi \u015fi mie \u00eenger p\u0103zitor ca lui Tobie, ca s\u0103-mi fie pov\u0103\u0163uitor \u015fi ap\u0103r\u0103tor \u015fi s\u0103 m\u0103 fereasc\u0103 nev\u0103t\u0103mat de toat\u0103 \u00eent\u00e2mplarea cea rea. \u015ei, astfel, cu pace, s\u0103n\u0103tate \u015fi bun\u0103 sporire s\u0103 m\u0103 \u00eentorc \u00eentru ale mele \u015fi toat\u0103 via\u0163a s\u0103 prosl\u0103vesc preacinstitul \u015fi de mare cuviin\u0163\u0103 numele T\u0103u, al Tat\u0103lui \u015fi al Fiului \u015fi al Sf\u00e2ntului Duh. Amin.<\/p>","protected":false},"excerpt":{"rendered":"<p>Doamne, Iisuse Hristoase, Dumnezeul nostru, Cel ce e\u015fti calea, adev\u0103rul \u015fi via\u0163a, \u015fi ai c\u0103l\u0103torit \u00eempreun\u0103 cu robul T\u0103u Iosif, precum \u015fi cu cei doi ucenici care au mers la Emaus, \u00censu\u0163i, St\u0103p\u00e2ne, c\u0103l\u0103tore\u015fte \u015fi cu mine robul t\u0103u, binecuv\u00e2nt\u00e2ndu-mi drumul. Trimite-mi \u015fi mie \u00eenger p\u0103zitor ca lui Tobie, ca s\u0103-mi fie pov\u0103\u0163uitor \u015fi ap\u0103r\u0103tor &hellip; <\/p>\n","protected":false},"author":3,"featured_media":0,"parent":45,"menu_order":10,"comment_status":"open","ping_status":"closed","template":"","meta":{"ngg_post_thumbnail":0,"footnotes":""},"class_list":["entry","page","publish","author-stefan","post-7007"],"jetpack_sharing_enabled":true,"_links":{"self":[{"href":"http:\/\/sfioanevanghelistul.ca\/wordpress\/en\/wp-json\/wp\/v2\/pages\/7007","targetHints":{"allow":["GET"]}}],"collection":[{"href":"http:\/\/sfioanevanghelistul.ca\/wordpress\/en\/wp-json\/wp\/v2\/pages"}],"about":[{"href":"http:\/\/sfioanevanghelistul.ca\/wordpress\/en\/wp-json\/wp\/v2\/types\/page"}],"author":[{"embeddable":true,"href":"http:\/\/sfioanevanghelistul.ca\/wordpress\/en\/wp-json\/wp\/v2\/users\/3"}],"replies":[{"embeddable":true,"href":"http:\/\/sfioanevanghelistul.ca\/wordpress\/en\/wp-json\/wp\/v2\/comments?post=7007"}],"version-history":[{"count":1,"href":"http:\/\/sfioanevanghelistul.ca\/wordpress\/en\/wp-json\/wp\/v2\/pages\/7007\/revisions"}],"predecessor-version":[{"id":7352,"href":"http:\/\/sfioanevanghelistul.ca\/wordpress\/en\/wp-json\/wp\/v2\/pages\/7007\/revisions\/7352"}],"up":[{"embeddable":true,"href":"http:\/\/sfioanevanghelistul.ca\/wordpress\/en\/wp-json\/wp\/v2\/pages\/45"}],"wp:attachment":[{"href":"http:\/\/sfioanevanghelistul.ca\/wordpress\/en\/wp-json\/wp\/v2\/media?parent=7007"}],"curies":[{"name":"wp","href":"https:\/\/api.w.org\/{rel}","templated":true}]}}