{"id":2018,"date":"2011-05-19T20:11:36","date_gmt":"2011-05-19T20:11:36","guid":{"rendered":"http:\/\/www.bisericaortodoxaaurora.com\/?page_id=2018"},"modified":"2015-07-06T02:31:15","modified_gmt":"2015-07-06T02:31:15","slug":"sfanta-cununie","status":"publish","type":"page","link":"http:\/\/sfioanevanghelistul.ca\/wordpress\/en\/randuieli-bisericesti\/sfanta-cununie\/","title":{"rendered":"Holy Matrimony"},"content":{"rendered":"<p><strong>Ce este Cununia?<\/strong><\/p>\n<p>Cununia sau slujba nun\u021bii este un act sf\u00e2nt, de origine dumnezeiasc\u0103,  \u00een care, prin preot, se \u00eemp\u0103rt\u0103\u0219e\u0219te harul Sf\u00e2ntului Duh unui b\u0103rbat \u0219i  unei femei ce se unesc liber \u00een c\u0103s\u0103torie. C\u0103s\u0103toria \u00eencepe cu o iubire  \u00een care se sintetizeaz\u00e3 atrac\u021bia trupeasc\u0103 \u0219i cea spiritual\u0103, cu o  iubire \u00een care fiecare pre\u021buie\u0219te pe cel\u0103lalt \u0219i afirm\u0103 \u00een iubirea sa  disponibilit\u0103\u021bi nelimitate de a-l respecta ca persoan\u0103, de a accepta  toate jertfele \u0219i oboselile pentru el. Dar iubirea este o leg\u0103tur\u0103 ce se  actualizeaz\u0103 \u00een fapte, aspectul spiritual c\u0103p\u0103t\u00e2nd un loc tot mai  important \u00een ea. Fiecare din cei doi s\u0103v\u00e2r\u0219e\u0219te tot mai multe semne de  aten\u021bie, de \u00een\u021belegere, de slujire \u0219i de jertfire pentru celalalt, iar  acestea \u00eei leag\u0103 tot mai str\u00e2ns, \u00eei fac s\u0103 se cunoasc\u0103 \u0219i s\u0103 se  pre\u021buiasc\u0103 tot mai mult.<\/p>\n<p><strong>Cine este s\u0103v\u00e2r<\/strong><strong>\u0219itorul tainei?<\/strong><\/p>\n<p>S\u0103v\u00e2r\u0219itorul Tainei este \u00een Biserica ortodox\u0103 preotul, pentru c\u0103 prin  el vine \u00een fa\u021ba celor ce se c\u0103s\u0103toresc \u0219i \u00een mijlocul lor \u00een mod  nev\u0103zut \u00censu\u0219i Hristos, Care pecetluie\u0219te leg\u0103tura natural\u0103 pe care ei o  realizeaz\u0103 prin consim\u021birea \u00eentre ei \u0219i care \u00eei men\u021bine pe ace\u0219tia  uni\u021bi \u00een El. Prin preot c\u0103s\u0103toria celor doi devine ca o celul\u0103 vie a  Bisericii, umplut\u0103 de harul lui Hristos din ea.<\/p>\n<p><strong>Cine sunt primitorii tainei?<\/strong><\/p>\n<p>Primitorii tainei sunt <strong>doi credincio<\/strong><strong>\u0219i cre\u015ftini ai Bisericii, de sex diferit<\/strong>, <strong>nec\u0103s\u0103tori<\/strong><strong>\u021bi<\/strong>,  din care niciunul nu a fost c\u0103s\u0103torit biserice\u0219te mai mult de trei ori  \u0219i care nu au \u00eentre ei o rudenie mai apropiat\u0103 de gradul cinci.<\/p>\n<p><strong>Ce condi<\/strong><strong>\u021bii trebuie s\u0103 \u00eendeplineasc\u0103 primitorii tainei (mirii)?<\/strong><\/p>\n<p>P\u00e2n\u0103 ast\u0103zi, s-au p\u0103strat c\u00e2teva condi\u0163ii de baz\u0103 pentru miri, neschimbate de la \u00eenceputurile Bisericii:<\/p>\n<ul>\n<li>s\u0103 fie boteza\u0163i;<\/li>\n<li>s\u0103 fie cre\u015ftini ortodoc\u015fi;<\/li>\n<li>s\u0103 nu fi fost c\u0103s\u0103tori\u0163i \u00eenainte;<\/li>\n<li>cei doi tineri s\u0103 nu fie rude pe linie consagvin\u0103, de \u00eencuscrire sau spiritual\u0103;<\/li>\n<li>s\u0103 nu fi f\u0103cut p\u0103cate care s\u0103-i \u00eendep\u0103rteze de la starea de cre\u015ftini ortodoc\u015fi.<\/li>\n<\/ul>\n<p><strong>Na\u015fii. Ce sunt ei \u015fi care este rostul lor?<\/strong><\/p>\n<p>At\u00e2t la logodn\u0103, c\u00e2t \u015fi la cununie, mirii sunt asista\u0163i de na\u015fi sau  nuni. Ei sunt martori \u015fi garan\u0163i (cheza\u015fi) ai seriozit\u0103\u0163ii  angajamentelor reciproce luate de viitorii so\u0163i \u015fi ai tr\u0103niciei  leg\u0103turii lor. La logodn\u0103 ei pun m\u00e2na cu preotul, pe inele, iar la  cununie, pe cununiile care se a\u015faz\u0103 pe capetele mirilor, fiind p\u0103rta\u015fi  la actul sf\u00e2nt care se s\u0103v\u00e2r\u015fe\u015fte. <strong>Na\u015fii trebuie s\u0103 fie obligatoriu  cre\u015ftini ortodoc\u015fi, cununa\u0163i ortodox, cu vie\u0163uire cre\u015ftineasc\u0103 exemplar\u0103  \u015fi mai \u00een v\u00e2rst\u0103 dec\u00e2t mirii, purt\u00e2ndu-se fa\u0163\u0103 de miri ca ni\u015fte p\u0103rin\u0163i  \u015fi \u00eenv\u0103\u0163\u0103tori ai lor<\/strong>.<\/p>\n<p><strong>Locul s\u0103v\u00e2r\u015firii slujbei<\/strong><\/p>\n<p>Slujba cununiei se s\u0103v\u00e2r\u015fe\u015fte \u00een biseric\u0103. \u00cent\u00e2i pentru c\u0103 biserica  este loca\u015ful \u00een care Dumnezeu este totdeauna prezent (mai ales prin  Sfintele Daruri) \u015fi \u00een care se s\u0103v\u00e2r\u015fesc \u015fi celelalte Sfinte Taine. \u00cen  biseric\u0103 nunta e f\u0103cut\u0103 \u00een fa\u0163a lui Dumnezeu \u00censu\u015fi \u015fi cu binecuv\u00e2ntarea  Lui, c\u0103p\u0103t\u00e2nd astfel caracterul de act sf\u00e2nt \u015fi o garan\u0163ie mai mare de  tr\u0103inicie \u015fi durabilitate. Al doilea, pentru c\u0103 nunta, fiind unul dintre  momentele cele mai de seam\u0103 din via\u0163a omului, trebuie s\u0103v\u00e2r\u015fit\u0103 \u00een  mijlocul comunit\u0103\u0163ii, al parohiei, cu participarea credincio\u015filor  parohiei din care mirii fac parte. In situatii exceptionale, cununia se  poate savarsi si in afara bisericii.<\/p>\n<p>\u00cen timpul s\u0103v\u00e2r\u015firii cununiei avem urm\u0103toarele <strong>momente importante<\/strong>:<\/p>\n<ul>\n<li><strong>Consfin\u0163irea leg\u0103turii dintre b\u0103rbat \u015fi femeie<\/strong>, \u00een momentul \u00een care preotul roste\u015fte cuvintele din a treia rug\u0103ciune de binecuv\u00e2ntare:\u00a0 <strong>Insuti si acum, Stapane, trimite m\u00e2na Ta din sf\u00e2ntul T\u0103u loca\u015f \u015fi une\u015fte pe robul T\u0103u (N), cu roaba Ta (N);<\/strong><\/li>\n<li><strong>Punerea cununiilor<\/strong>. Cununiile sunt f\u0103cute \u00een chipul  coroanelor cu care se \u00eencununau odinioar\u0103 regii \u015fi \u00eemp\u0103ra\u0163ii, biruitorii  \u00een r\u0103zboaie \u015fi \u00een \u00eentrecerile din arene. Ele sunt semnele puterii, ale  st\u0103p\u00e2nirii \u015fi ale biruin\u0163ei (la b\u0103rba\u0163i), ori ale frumuse\u0163ii \u015fi  cur\u0103\u0163iei\u00a0sufletesti si trupesti\u00a0(la femei). Cununiile se a\u015faz\u0103 pe capul  mirilor ca o r\u0103splat\u0103 adus\u0103 cur\u0103\u0163iei \u015fi fecioriei acestora, pe care au  p\u0103strat-o p\u00e2n\u0103 la nunt\u0103; ele reprezint\u0103 \u015fi cununile de spini purtate de  M\u00e2ntuitorul \u00een drumul S\u0103u spre patim\u0103, de aceea sunt \u015fi un avertisment  c\u0103tre miri, anume c\u0103 via\u0163a trebuie s\u0103 le fie o permanent\u0103 r\u0103stignire a  propriilor comodit\u0103\u0163i, capricii etc, pentru o bun\u0103 comuniune cu  cel\u0103lalt;<\/li>\n<li><strong>Citirea Sfintei Evanghelii<\/strong> \u00een care se istorise\u015fte prima\u00a0minune s\u0103v\u00e2r\u015fit\u0103 de M\u00e2ntuitorul la Nunta din Cana Galileii;<\/li>\n<li><strong>Gustarea de c\u0103tre miri din paharul cu vin<\/strong>, pe care preotul \u00eel  binecuvinteaz\u0103. Paharul cu vin \u00eenchipuie bucuria \u015fi veselia nun\u0163ii, c\u00e2t  \u015fi soarta comun\u0103 a viitorilor so\u0163i, care vor avea parte de acelea\u015fi  bucurii \u015fi necazuri;<\/li>\n<li><strong>\u00cenconjurarea mesei<\/strong> de c\u0103tre miri, na\u015fi \u015fi slujitori este  expresia jubil\u0103rii \u015fi a bucuriei Bisericii pentru c\u0103 s-a \u00eentemeiat o  nou\u0103 familie; reprezint\u0103, de asemenea, \u015fi plecarea \u00een via\u0163\u0103 a mirilor ca  familie;<\/li>\n<li>Formulele de felicitare de la sf\u00e2r\u015fit<strong>: M<\/strong><strong>\u0103rit s\u0103 fii, mire, ca Avraam\u2026<\/strong><strong>.<\/strong> <strong>Iar tu, mireas\u0103, m\u0103rit\u0103 s\u0103 fii ca Sarra<\/strong><strong>.<\/strong><\/li>\n<\/ul>\n<p><strong>Ce este necesar pentru slujb\u0103<\/strong><\/p>\n<ul>\n<li><strong>Certificatul de c\u0103s\u0103torie civil\u0103 a\u00a0 mirilor,<\/strong><strong> <\/strong>f\u0103r\u0103 de care nu se poate s\u0103v\u00e2r\u015fi Sf\u00e2nta Tain\u0103 a Cununiei;<\/li>\n<li><strong> <\/strong><strong>Dou\u0103<\/strong><strong> <\/strong><strong>lum\u00e2n\u0103ri<\/strong>;<\/li>\n<li><strong>Inelele<\/strong> (verighetele);<\/li>\n<li><strong>O sticl\u0103 cu vin<\/strong> <strong>ro\u015fu dulce<\/strong>;<\/li>\n<li><strong>Dou\u0103 pi\u015fcoturi<\/strong>.<\/li>\n<\/ul>\n<p><strong> <\/strong><\/p>\n<p><strong>De re\u0163inut!<\/strong><strong> <\/strong><\/p>\n<p>To\u0163i cei prezen\u0163i\u00a0 la slujb\u0103 trebuie s\u0103 aib\u0103 o \u0163inut\u0103 vestimentar\u0103 decent\u0103 \u015fi s\u0103\u00a0 participe la toate momentele cu rug\u0103ciune.<\/p>\n<p>Mirii se vor prezenta, de comun acord cu preotul slujitor, la spovedanie \u015fi la cateheza privind Taina Cununiei.<\/p>","protected":false},"excerpt":{"rendered":"<p>Ce este Cununia? Cununia sau slujba nun\u021bii este un act sf\u00e2nt, de origine dumnezeiasc\u0103, \u00een care, prin preot, se \u00eemp\u0103rt\u0103\u0219e\u0219te harul Sf\u00e2ntului Duh unui b\u0103rbat \u0219i unei femei ce se unesc liber \u00een c\u0103s\u0103torie. C\u0103s\u0103toria \u00eencepe cu o iubire \u00een care se sintetizeaz\u00e3 atrac\u021bia trupeasc\u0103 \u0219i cea spiritual\u0103, cu o iubire \u00een care fiecare pre\u021buie\u0219te &hellip; <\/p>\n","protected":false},"author":3,"featured_media":0,"parent":442,"menu_order":1,"comment_status":"open","ping_status":"closed","template":"","meta":{"ngg_post_thumbnail":0,"footnotes":""},"class_list":["entry","page","publish","author-stefan","post-2018"],"jetpack_sharing_enabled":true,"_links":{"self":[{"href":"http:\/\/sfioanevanghelistul.ca\/wordpress\/en\/wp-json\/wp\/v2\/pages\/2018","targetHints":{"allow":["GET"]}}],"collection":[{"href":"http:\/\/sfioanevanghelistul.ca\/wordpress\/en\/wp-json\/wp\/v2\/pages"}],"about":[{"href":"http:\/\/sfioanevanghelistul.ca\/wordpress\/en\/wp-json\/wp\/v2\/types\/page"}],"author":[{"embeddable":true,"href":"http:\/\/sfioanevanghelistul.ca\/wordpress\/en\/wp-json\/wp\/v2\/users\/3"}],"replies":[{"embeddable":true,"href":"http:\/\/sfioanevanghelistul.ca\/wordpress\/en\/wp-json\/wp\/v2\/comments?post=2018"}],"version-history":[{"count":1,"href":"http:\/\/sfioanevanghelistul.ca\/wordpress\/en\/wp-json\/wp\/v2\/pages\/2018\/revisions"}],"predecessor-version":[{"id":7359,"href":"http:\/\/sfioanevanghelistul.ca\/wordpress\/en\/wp-json\/wp\/v2\/pages\/2018\/revisions\/7359"}],"up":[{"embeddable":true,"href":"http:\/\/sfioanevanghelistul.ca\/wordpress\/en\/wp-json\/wp\/v2\/pages\/442"}],"wp:attachment":[{"href":"http:\/\/sfioanevanghelistul.ca\/wordpress\/en\/wp-json\/wp\/v2\/media?parent=2018"}],"curies":[{"name":"wp","href":"https:\/\/api.w.org\/{rel}","templated":true}]}}